{"id":15090,"date":"2020-06-16T10:55:55","date_gmt":"2020-06-16T10:55:55","guid":{"rendered":"https:\/\/zavodbufeto.com\/?page_id=15090"},"modified":"2020-06-16T12:55:57","modified_gmt":"2020-06-16T12:55:57","slug":"piskotki","status":"publish","type":"page","link":"https:\/\/zavodbufeto.com\/en\/piskotki\/","title":{"rendered":"Pi\u0161kotki"},"content":{"rendered":"<h3 class=\"wp-block-heading\">KAJ SO PI\u0160KOTKI?<\/h3>\n\n\n\n<p>Pi\u0161kotki so male besedilne datoteke, v katere se zapi\u0161ejo podatki o obisku spletne strani. Interakcija med spletnim uporabnikom in spletno stranjo je s pomo\u010djo pi\u0161kotkov hitrej\u0161a in enostavnej\u0161a. Z njihovo pomo\u010djo si spletna stran zapomni posameznikove preference in izku\u0161nje, s tem je prihranjen \u010das, brskanje po spletnih straneh pa je bolj u\u010dinkovito in prijetno.Razlogov za uporabo pi\u0161kotkov je ve\u010d, kot prvi gotovo njihova lastnost shranjevanja podatkov o stanju posamezne spletne strani (izbira jezika, \u0161tevilo prikazanih rezultatov, velikost pisave itn.), pomagajo pri izvajanju spletnih storitev (registracija, vsebina nakupovalne ko\u0161arice, prijava na e-novice, ogled videa itn.), pomagajo pri zbiranju podatkov o navadah spletnih uporabnikov (\u0161tevilo obiskov, uporabnikom zanimiva vsebina itn.), s katerimi si pomagamo izbolj\u0161ati va\u0161o uporabni\u0161ko izku\u0161njo in ocenimo u\u010dinkovitost zasnove spletne strani. Nobeni pi\u0161kotki, ki jih uporabljamo na svojih spletnih straneh ne zbirajo podatkov, s katerimi bi vas bilo mogo\u010de osebno prepoznati.Ker \u017eelimo biti z vami popolnoma odkriti, smo pripravili seznam vseh pi\u0161kotkov, ki jih uporabljamo in zakaj. Upo\u0161tevajte, da se z nadaljnjo uporabo te spletne strani strinjate z na\u0161o rabo opisanih pi\u0161kotkov.<\/p>\n\n\n\n<h3 class=\"wp-block-heading\">KATERE PI\u0160KOTKE UPORABLJA SPLETNA STRAN?<\/h3>\n\n\n\n<p><strong>Nujno potrebni pi\u0161kotki&nbsp;<\/strong><\/p>\n\n\n\n<p>Pi\u0161kotki, ki nam pomagajo ustrezno prikazati vsebine, omogo\u010dajo delovanje obrazcev, ko\u0161arice in drugih bistvenih elementov spletne strani. Tovrstni pi\u0161kotki so aktivni le v \u010dasu trajanja seje.Primer uporabljenih pi\u0161kotkov: PHPSESSION<\/p>\n\n\n\n<p><strong>Google<\/strong><\/p>\n\n\n\n<p>Google uprablja pi\u0161kotke za shranjevanje priljubljenih uporabni\u0161kih nastavitev, izbire jezikovne verzije, \u0161t. prikazanih zadetkov in vrednosti, prikaz informacij na Google zemljevidih ter mnogih drugih funkcionalnosti in storitev tega spletnega giganta.<\/p>\n\n\n\n<p><a href=\"http:\/\/www.google.com\/policies\/technologies\/cookies\/\" target=\"_blank\" rel=\"noreferrer noopener\"><em>Ve\u010d &gt;&gt;<\/em><\/a><\/p>\n\n\n\n<p><strong>Google Analytics<\/strong><\/p>\n\n\n\n<p>Google Analytics je storitev spletnega analiziranja. Nudi nam informacije o obna\u0161anju uporabnikov na na\u0161i spletni strani in nam s tem pomaga ustvariti bolj\u0161o uporabni\u0161ko izku\u0161njo, prikazati relevantno vsebino itn. Pri razbiranju teh podatkov vas ne moremo osebno prepoznati. \u017divljenjska doba teh pi\u0161kotkov zna\u0161a do 2 let.Primer uporabljenih pi\u0161kotkov: _ga, __utma, __utmb,__utmc, __utmz in __utmv.<\/p>\n\n\n\n<p><a href=\"https:\/\/developers.google.com\/analytics\/devguides\/collection\/gajs\/cookie-usage?hl=en\" target=\"_blank\" rel=\"noreferrer noopener\"><em>Ve\u010d &gt;&gt;<\/em><\/a><\/p>\n\n\n\n<p><strong>Youtube&nbsp;&nbsp;&nbsp;&nbsp;&nbsp;&nbsp;&nbsp;&nbsp;&nbsp;<\/strong><\/p>\n\n\n\n<p>Storitev YouTube uporabljamo za predvajanje video posnetkov, pi\u0161kotki pa se uporabljajo za bele\u017eenje podatkov o ogledih, shranjevanje priljublejnih uporabni\u0161kih nastavitev, prikaz relevantnih video posnetkov itn. \u017divljenjska doba teh pi\u0161kotkov zna\u0161a do 10 let. Primeri uporabljenih pi\u0161kotkov: Visitor_info1_Live, Use_Hitbox, SID, LOGIN_INFO, use_hotbox, PREF, SSID, HSID, watched_video_id_list, __utma, __utmz, demographics, VISITOR_INFO1_LIVE.<\/p>\n\n\n\n<p><a href=\"http:\/\/www.google.si\/policies\/technologies\/cookies\/\" target=\"_blank\" rel=\"noreferrer noopener\"><em>Ve\u010d &gt;&gt;<\/em><\/a><\/p>\n\n\n\n<p><strong>Google maps<\/strong><\/p>\n\n\n\n<p>Google maps pripadajo\u010de pi\u0161kotke uporabljamo za prikaz uporabniku prijaznega zemljevida in ozna\u010db lokacije.\u017divljenjska doba teh pi\u0161kotkov zna\u0161a do 10 let.Primeri uporabljenih pi\u0161kotkov: SID, SAPISID, APISID, SSID, HSID, NID, PREF.<\/p>\n\n\n\n<p><a href=\"http:\/\/www.google.si\/policies\/technologies\/cookies\/\" target=\"_blank\" rel=\"noreferrer noopener\"><em>Ve\u010d &gt;&gt;<\/em><\/a><\/p>\n\n\n\n<h3 class=\"wp-block-heading\">KAKO LAHKO UPRAVLJATE ALI BRI\u0160ETE PI\u0160KOTKE?<\/h3>\n\n\n\n<p>Pi\u0161kotkov nikakor ne bomo uporabljali za zbiranje va\u0161ih osebno dolo\u010dljivih podatkov, po \u017eelji pa lahko nastavitve o uporabi pi\u0161kotkov spremenite tudi v brskalniku svojega ra\u010dunalnika ali mobilne naprave.<\/p>\n\n\n\n<p>Ve\u010dina modernih brskalni kov omogo\u010da, da sprejmete ali zavrnete vse pi\u0161kotke, sprejmete ali zavrnete le dolo\u010dene vrste pi\u0161kotkov ali pa si nastavite opozorilo, da stran \u017eeli shraniti pi\u0161kotek na va\u0161o napravo. Izbri\u0161ete lahko tudi pi\u0161kotke, ki jih je brskalnik \u017ee shranil na va\u0161i napravi.<\/p>\n\n\n\n<p>Opozarjamo vas, da v primeru izklopa pi\u0161kotkov vse funkcionalnosti spletnih strani morda ne bodo delovale enako u\u010dinkovito, opozorilo o uporabi pi\u0161kotkov se bo prikazalo ob vsakem obisku, dolgoro\u010dno pa bo to negativno vplivalo na va\u0161o uporabni\u0161ko izku\u0161njo.<\/p>\n\n\n\n<p>Postopek spremembe nastavitev pi\u0161kotkov se v vsakem brskalniku razlikuje. Informacijo o tem lahko poi\u0161\u010dete s pomo\u010djo funkcije \u00bbPomo\u010d\u00ab, obi\u0161\u010dete&nbsp;<a href=\"http:\/\/www.aboutcookies.org\/\" target=\"_blank\" rel=\"noreferrer noopener\"><em>spletno stran &gt;&gt;<\/em><\/a>, ki nazorno razlo\u017ei postopek v vseh modernih brskalnikih.<\/p>\n\n\n\n<p>Ve\u010d informacij o pi\u0161kotkih je na voljo tudi v&nbsp;<a href=\"https:\/\/www.ip-rs.si\/novice\/detajl\/informacijski-pooblascenec-izdal-smernice-glede-uporabe-piskotkov\/?cHash=5842ad1118a2ae1915f350cc1aa98c22\" target=\"_blank\" rel=\"noreferrer noopener\"><em>smernicah informacijskega poobla\u0161\u010denca &gt;&gt;<\/em><\/a><\/p>","protected":false},"excerpt":{"rendered":"<p>KAJ SO PI\u0160KOTKI? Pi\u0161kotki so male besedilne datoteke, v katere se zapi\u0161ejo podatki o obisku spletne strani. Interakcija med spletnim uporabnikom in spletno stranjo je s pomo\u010djo pi\u0161kotkov hitrej\u0161a in [&hellip;]<\/p>\n","protected":false},"author":10,"featured_media":0,"parent":0,"menu_order":25,"comment_status":"closed","ping_status":"closed","template":"","meta":{"_EventAllDay":false,"_EventTimezone":"","_EventStartDate":"","_EventEndDate":"","_EventStartDateUTC":"","_EventEndDateUTC":"","_EventShowMap":false,"_EventShowMapLink":false,"_EventURL":"","_EventCost":"","_EventCostDescription":"","_EventCurrencySymbol":"","_EventCurrencyCode":"","_EventCurrencyPosition":"","_EventDateTimeSeparator":"","_EventTimeRangeSeparator":"","_EventOrganizerID":[],"_EventVenueID":[],"_OrganizerEmail":"","_OrganizerPhone":"","_OrganizerWebsite":"","_VenueAddress":"","_VenueCity":"","_VenueCountry":"","_VenueProvince":"","_VenueState":"","_VenueZip":"","_VenuePhone":"","_VenueURL":"","_VenueStateProvince":"","_VenueLat":"","_VenueLng":"","_VenueShowMap":false,"_VenueShowMapLink":false,"footnotes":""},"class_list":["post-15090","page","type-page","status-publish","hentry"],"yoast_head":"<!-- This site is optimized with the Yoast SEO plugin v26.9 - https:\/\/yoast.com\/product\/yoast-seo-wordpress\/ -->\n<title>Pi\u0161kotki - Zavod Bufeto<\/title>\n<meta name=\"robots\" content=\"index, follow, max-snippet:-1, max-image-preview:large, max-video-preview:-1\" \/>\n<link rel=\"canonical\" href=\"https:\/\/zavodbufeto.com\/en\/piskotki\/\" \/>\n<meta property=\"og:locale\" content=\"en_GB\" \/>\n<meta property=\"og:type\" content=\"article\" \/>\n<meta property=\"og:title\" content=\"Pi\u0161kotki - Zavod Bufeto\" \/>\n<meta property=\"og:description\" content=\"KAJ SO PI\u0160KOTKI? Pi\u0161kotki so male besedilne datoteke, v katere se zapi\u0161ejo podatki o obisku spletne strani. Interakcija med spletnim uporabnikom in spletno stranjo je s pomo\u010djo pi\u0161kotkov hitrej\u0161a in [&hellip;]\" \/>\n<meta property=\"og:url\" content=\"https:\/\/zavodbufeto.com\/en\/piskotki\/\" \/>\n<meta property=\"og:site_name\" content=\"Zavod Bufeto\" \/>\n<meta property=\"article:modified_time\" content=\"2020-06-16T12:55:57+00:00\" \/>\n<meta name=\"twitter:card\" content=\"summary_large_image\" \/>\n<meta name=\"twitter:label1\" content=\"Estimated reading time\" \/>\n\t<meta name=\"twitter:data1\" content=\"3 minutes\" \/>\n<script type=\"application\/ld+json\" class=\"yoast-schema-graph\">{\"@context\":\"https:\/\/schema.org\",\"@graph\":[{\"@type\":\"WebPage\",\"@id\":\"https:\/\/zavodbufeto.com\/piskotki\/\",\"url\":\"https:\/\/zavodbufeto.com\/piskotki\/\",\"name\":\"Pi\u0161kotki - Zavod Bufeto\",\"isPartOf\":{\"@id\":\"\/#website\"},\"datePublished\":\"2020-06-16T10:55:55+00:00\",\"dateModified\":\"2020-06-16T12:55:57+00:00\",\"breadcrumb\":{\"@id\":\"https:\/\/zavodbufeto.com\/piskotki\/#breadcrumb\"},\"inLanguage\":\"en-GB\",\"potentialAction\":[{\"@type\":\"ReadAction\",\"target\":[\"https:\/\/zavodbufeto.com\/piskotki\/\"]}]},{\"@type\":\"BreadcrumbList\",\"@id\":\"https:\/\/zavodbufeto.com\/piskotki\/#breadcrumb\",\"itemListElement\":[{\"@type\":\"ListItem\",\"position\":1,\"name\":\"Home\",\"item\":\"https:\/\/zavodbufeto.com\/\"},{\"@type\":\"ListItem\",\"position\":2,\"name\":\"Pi\u0161kotki\"}]},{\"@type\":\"WebSite\",\"@id\":\"\/#website\",\"url\":\"\/\",\"name\":\"Zavod Bufeto\",\"description\":\"Zavod Bufeto\",\"publisher\":{\"@id\":\"\/#organization\"},\"potentialAction\":[{\"@type\":\"SearchAction\",\"target\":{\"@type\":\"EntryPoint\",\"urlTemplate\":\"\/?s={search_term_string}\"},\"query-input\":{\"@type\":\"PropertyValueSpecification\",\"valueRequired\":true,\"valueName\":\"search_term_string\"}}],\"inLanguage\":\"en-GB\"},{\"@type\":\"Organization\",\"@id\":\"\/#organization\",\"name\":\"Zavod Bufeto\",\"url\":\"\/\",\"logo\":{\"@type\":\"ImageObject\",\"inLanguage\":\"en-GB\",\"@id\":\"\/#\/schema\/logo\/image\/\",\"url\":\"https:\/\/zavodbufeto.com\/wp-content\/uploads\/2021\/02\/cropped-zavod_bufeto_-_logo_c\u030crn_png.png\",\"contentUrl\":\"https:\/\/zavodbufeto.com\/wp-content\/uploads\/2021\/02\/cropped-zavod_bufeto_-_logo_c\u030crn_png.png\",\"width\":512,\"height\":512,\"caption\":\"Zavod Bufeto\"},\"image\":{\"@id\":\"\/#\/schema\/logo\/image\/\"}}]}<\/script>\n<!-- \/ Yoast SEO plugin. -->","yoast_head_json":{"title":"Pi\u0161kotki - Zavod Bufeto","robots":{"index":"index","follow":"follow","max-snippet":"max-snippet:-1","max-image-preview":"max-image-preview:large","max-video-preview":"max-video-preview:-1"},"canonical":"https:\/\/zavodbufeto.com\/en\/piskotki\/","og_locale":"en_GB","og_type":"article","og_title":"Pi\u0161kotki - Zavod Bufeto","og_description":"KAJ SO PI\u0160KOTKI? Pi\u0161kotki so male besedilne datoteke, v katere se zapi\u0161ejo podatki o obisku spletne strani. Interakcija med spletnim uporabnikom in spletno stranjo je s pomo\u010djo pi\u0161kotkov hitrej\u0161a in [&hellip;]","og_url":"https:\/\/zavodbufeto.com\/en\/piskotki\/","og_site_name":"Zavod Bufeto","article_modified_time":"2020-06-16T12:55:57+00:00","twitter_card":"summary_large_image","twitter_misc":{"Estimated reading time":"3 minutes"},"schema":{"@context":"https:\/\/schema.org","@graph":[{"@type":"WebPage","@id":"https:\/\/zavodbufeto.com\/piskotki\/","url":"https:\/\/zavodbufeto.com\/piskotki\/","name":"Pi\u0161kotki - Zavod Bufeto","isPartOf":{"@id":"\/#website"},"datePublished":"2020-06-16T10:55:55+00:00","dateModified":"2020-06-16T12:55:57+00:00","breadcrumb":{"@id":"https:\/\/zavodbufeto.com\/piskotki\/#breadcrumb"},"inLanguage":"en-GB","potentialAction":[{"@type":"ReadAction","target":["https:\/\/zavodbufeto.com\/piskotki\/"]}]},{"@type":"BreadcrumbList","@id":"https:\/\/zavodbufeto.com\/piskotki\/#breadcrumb","itemListElement":[{"@type":"ListItem","position":1,"name":"Home","item":"https:\/\/zavodbufeto.com\/"},{"@type":"ListItem","position":2,"name":"Pi\u0161kotki"}]},{"@type":"WebSite","@id":"\/#website","url":"\/","name":"Zavod Bufeto","description":"Zavod Bufeto","publisher":{"@id":"\/#organization"},"potentialAction":[{"@type":"SearchAction","target":{"@type":"EntryPoint","urlTemplate":"\/?s={search_term_string}"},"query-input":{"@type":"PropertyValueSpecification","valueRequired":true,"valueName":"search_term_string"}}],"inLanguage":"en-GB"},{"@type":"Organization","@id":"\/#organization","name":"Zavod Bufeto","url":"\/","logo":{"@type":"ImageObject","inLanguage":"en-GB","@id":"\/#\/schema\/logo\/image\/","url":"https:\/\/zavodbufeto.com\/wp-content\/uploads\/2021\/02\/cropped-zavod_bufeto_-_logo_c\u030crn_png.png","contentUrl":"https:\/\/zavodbufeto.com\/wp-content\/uploads\/2021\/02\/cropped-zavod_bufeto_-_logo_c\u030crn_png.png","width":512,"height":512,"caption":"Zavod Bufeto"},"image":{"@id":"\/#\/schema\/logo\/image\/"}}]}},"_links":{"self":[{"href":"https:\/\/zavodbufeto.com\/en\/wp-json\/wp\/v2\/pages\/15090","targetHints":{"allow":["GET"]}}],"collection":[{"href":"https:\/\/zavodbufeto.com\/en\/wp-json\/wp\/v2\/pages"}],"about":[{"href":"https:\/\/zavodbufeto.com\/en\/wp-json\/wp\/v2\/types\/page"}],"author":[{"embeddable":true,"href":"https:\/\/zavodbufeto.com\/en\/wp-json\/wp\/v2\/users\/10"}],"replies":[{"embeddable":true,"href":"https:\/\/zavodbufeto.com\/en\/wp-json\/wp\/v2\/comments?post=15090"}],"version-history":[{"count":2,"href":"https:\/\/zavodbufeto.com\/en\/wp-json\/wp\/v2\/pages\/15090\/revisions"}],"predecessor-version":[{"id":15092,"href":"https:\/\/zavodbufeto.com\/en\/wp-json\/wp\/v2\/pages\/15090\/revisions\/15092"}],"wp:attachment":[{"href":"https:\/\/zavodbufeto.com\/en\/wp-json\/wp\/v2\/media?parent=15090"}],"curies":[{"name":"wp","href":"https:\/\/api.w.org\/{rel}","templated":true}]}}