{"id":16956,"date":"2026-02-06T17:46:09","date_gmt":"2026-02-06T17:46:09","guid":{"rendered":"https:\/\/zavodbufeto.com\/?page_id=16956"},"modified":"2026-02-09T18:40:05","modified_gmt":"2026-02-09T18:40:05","slug":"fraser-hooper","status":"publish","type":"page","link":"https:\/\/zavodbufeto.com\/en\/fraser-hooper\/","title":{"rendered":"DELAVNICA S FRASER HOOPERJEM"},"content":{"rendered":"<h1 class=\"wp-block-heading\">DELAVNICA S FRASER HOOPERJEM<\/h1>\n\n\n\n<p>VSEBINA DELAVNICE<\/p>\n\n\n\n<p>Prakti\u010dna delavnica bo pokazala, kako zgraditi komi\u010dno etido, vsebovala bo delo z ob\u010dinstvom, razvijanje sloga, re\u017eijo in gledali\u0161\u010de predmetov. Preko improvizacije, ritma in igre bodo udele\u017eenci odkrili radosti resne klovnade.<\/p>\n\n\n\n<p>U\u010denci bodo delali v majhnih skupinah in samostojno pripravljali material, ki ga bodo nato predstavili soudele\u017eencem. Uporabljali bodo glasbo, ples, improvizacijo, rekvizite in kostume. Pozornost bo namenjena tudi&nbsp; dihanju in ritmu, kot osnovnima elementoma za izgradnjo komi\u010dnih rutin. Udele\u017eenci se bodo nau\u010dili, kako razviti material in raziskali najbolj\u0161e tehnike za podajanje u\u010dinkovitih povratnih informacij. Ustvarjeno bo varno okolje z veliko \u010dasa na odru in veliko prilo\u017enostmi za medsebojno usmerjanje.<\/p>\n\n\n\n<div class=\"wp-block-columns is-layout-flex wp-container-core-columns-is-layout-28f84493 wp-block-columns-is-layout-flex\">\n<div class=\"wp-block-column is-layout-flow wp-block-column-is-layout-flow\">\n<figure class=\"wp-block-image size-large\"><img loading=\"lazy\" decoding=\"async\" width=\"1024\" height=\"681\" src=\"https:\/\/zavodbufeto.com\/wp-content\/uploads\/2026\/02\/4.-Best-clowns-in-a-row-1-scaled-1-1024x681.jpg\" alt=\"\" class=\"wp-image-17184\" srcset=\"https:\/\/zavodbufeto.com\/wp-content\/uploads\/2026\/02\/4.-Best-clowns-in-a-row-1-scaled-1-1024x681.jpg 1024w, https:\/\/zavodbufeto.com\/wp-content\/uploads\/2026\/02\/4.-Best-clowns-in-a-row-1-scaled-1-300x199.jpg 300w, https:\/\/zavodbufeto.com\/wp-content\/uploads\/2026\/02\/4.-Best-clowns-in-a-row-1-scaled-1-768x511.jpg 768w, https:\/\/zavodbufeto.com\/wp-content\/uploads\/2026\/02\/4.-Best-clowns-in-a-row-1-scaled-1-1536x1021.jpg 1536w, https:\/\/zavodbufeto.com\/wp-content\/uploads\/2026\/02\/4.-Best-clowns-in-a-row-1-scaled-1-2048x1362.jpg 2048w, https:\/\/zavodbufeto.com\/wp-content\/uploads\/2026\/02\/4.-Best-clowns-in-a-row-1-scaled-1-18x12.jpg 18w, https:\/\/zavodbufeto.com\/wp-content\/uploads\/2026\/02\/4.-Best-clowns-in-a-row-1-scaled-1-580x386.jpg 580w, https:\/\/zavodbufeto.com\/wp-content\/uploads\/2026\/02\/4.-Best-clowns-in-a-row-1-scaled-1-860x572.jpg 860w, https:\/\/zavodbufeto.com\/wp-content\/uploads\/2026\/02\/4.-Best-clowns-in-a-row-1-scaled-1-1160x771.jpg 1160w, https:\/\/zavodbufeto.com\/wp-content\/uploads\/2026\/02\/4.-Best-clowns-in-a-row-1-scaled-1-320x213.jpg 320w, https:\/\/zavodbufeto.com\/wp-content\/uploads\/2026\/02\/4.-Best-clowns-in-a-row-1-scaled-1-480x319.jpg 480w, https:\/\/zavodbufeto.com\/wp-content\/uploads\/2026\/02\/4.-Best-clowns-in-a-row-1-scaled-1-800x532.jpg 800w\" sizes=\"auto, (max-width: 1024px) 100vw, 1024px\" \/><\/figure>\n<\/div>\n\n\n\n<div class=\"wp-block-column is-layout-flow wp-block-column-is-layout-flow\">\n<p>KDAJ: od 21. do 23. junija 2023 (vsak dan od 10.00 do 16.00 s premorom za kosilo)<\/p>\n\n\n\n<p>KJE: Pionirski dom \u2013 Art center, Komenskega 9, Ljubljana<\/p>\n\n\n\n<p>CENA: 150 \u20ac (cena za \u0161tudente, dijake, samozaposlene v kulturi itd. je 100 \u20ac)<\/p>\n\n\n\n<p>Najve\u010dje \u0161tevilo udele\u017eencev: 12<\/p>\n\n\n\n<p><\/p>\n\n\n\n<p>Prijave sprejemamo do 1. junija 2023 oz. do zapolnitve mest<\/p>\n\n\n\n<p>Informacije in prijave:&nbsp;<a href=\"mailto:bufeto.info@gmail.com\">bufeto.info@gmail.com<\/a><\/p>\n\n\n\n<p>Organizacija: Zavod Bufeto v sodelovanju s Pionirskim domom \u2013 Centrom za kulturo mladih in Evropsko prestolnico kulture GO! 2025<\/p>\n<\/div>\n<\/div>\n\n\n\n<p>Kaj naj udele\u017eenci oble\u010dejo in prinesejo s seboj?<\/p>\n\n\n\n<p>Prosimo, da nosite udobna obla\u010dila po mo\u017enosti brez napisov ali logotipov in \u010devlje brez pete. S seboj prinesite kak\u0161en kos kostuma in rekvizite, ki ste jih pripravljeni deliti z drugimi. To je lahko karkoli, pla\u0161\u010d, \u0161al, obleka, suknji\u010d, vedro, kolo, de\u017enik, kov\u010dek, posoda, palica za kriket itd.<\/p>\n\n\n\n<p><strong>Fraser Hooper<\/strong>&nbsp;je pou\u010deval klovnado v ve\u010d kot dvajsetih dr\u017eavah in bil dvanajst let stalni u\u010ditelj na Nacionalnem in\u0161titutu za cirkus v Londonu. Zdaj \u017eivi na Novi Zelandiji ter nastopa in pou\u010duje po vsem svetu.<\/p>\n\n\n\n<p><em>\u00bbFraser jasno in z velikim veseljem podaja na\u010dela in prakse, zaradi katerih je njegovo lastno delo klovna tako sijajno. Od\u0161el sem s trdnimi orodji za ustvarjanje in izvajanje, ki bodo \u0161e leta pozitivno vplivala na moje lastno delo.\u00ab<\/em><\/p>\n\n\n\n<p>Pete Sweet, ZDA<\/p>\n\n\n\n<p><em>\u00bbNa njegovi delavnici sem se o odrski obrti nau\u010dil ve\u010d, kot sem se nau\u010dil v letih usposabljanja, Fraser Hooper je briljanten.\u00ab<\/em><\/p>\n\n\n\n<p>Suzanne Andrade, Company 1927, Velika Britanija<\/p>\n\n\n\n<p>Ve\u010d o mentorju na:&nbsp;<a href=\"https:\/\/fraserhooper.com\/\">https:\/\/fraserhooper.com\/<\/a><\/p>\n\n\n\n<p><\/p>","protected":false},"excerpt":{"rendered":"<p>DELAVNICA S FRASER HOOPERJEM VSEBINA DELAVNICE Prakti\u010dna delavnica bo pokazala, kako zgraditi komi\u010dno etido, vsebovala bo delo z ob\u010dinstvom, razvijanje sloga, re\u017eijo in gledali\u0161\u010de predmetov. Preko improvizacije, ritma in igre [&hellip;]<\/p>\n","protected":false},"author":17,"featured_media":0,"parent":0,"menu_order":0,"comment_status":"closed","ping_status":"closed","template":"","meta":{"_EventAllDay":false,"_EventTimezone":"","_EventStartDate":"","_EventEndDate":"","_EventStartDateUTC":"","_EventEndDateUTC":"","_EventShowMap":false,"_EventShowMapLink":false,"_EventURL":"","_EventCost":"","_EventCostDescription":"","_EventCurrencySymbol":"","_EventCurrencyCode":"","_EventCurrencyPosition":"","_EventDateTimeSeparator":"","_EventTimeRangeSeparator":"","_EventOrganizerID":[],"_EventVenueID":[],"_OrganizerEmail":"","_OrganizerPhone":"","_OrganizerWebsite":"","_VenueAddress":"","_VenueCity":"","_VenueCountry":"","_VenueProvince":"","_VenueState":"","_VenueZip":"","_VenuePhone":"","_VenueURL":"","_VenueStateProvince":"","_VenueLat":"","_VenueLng":"","_VenueShowMap":false,"_VenueShowMapLink":false,"footnotes":""},"class_list":["post-16956","page","type-page","status-publish","hentry"],"yoast_head":"<!-- This site is optimized with the Yoast SEO plugin v26.9 - https:\/\/yoast.com\/product\/yoast-seo-wordpress\/ -->\n<title>DELAVNICA S FRASER HOOPERJEM - Zavod Bufeto<\/title>\n<meta name=\"robots\" content=\"index, follow, max-snippet:-1, max-image-preview:large, max-video-preview:-1\" \/>\n<link rel=\"canonical\" href=\"https:\/\/zavodbufeto.com\/en\/fraser-hooper\/\" \/>\n<meta property=\"og:locale\" content=\"en_GB\" \/>\n<meta property=\"og:type\" content=\"article\" \/>\n<meta property=\"og:title\" content=\"DELAVNICA S FRASER HOOPERJEM - Zavod Bufeto\" \/>\n<meta property=\"og:description\" content=\"DELAVNICA S FRASER HOOPERJEM VSEBINA DELAVNICE Prakti\u010dna delavnica bo pokazala, kako zgraditi komi\u010dno etido, vsebovala bo delo z ob\u010dinstvom, razvijanje sloga, re\u017eijo in gledali\u0161\u010de predmetov. Preko improvizacije, ritma in igre [&hellip;]\" \/>\n<meta property=\"og:url\" content=\"https:\/\/zavodbufeto.com\/en\/fraser-hooper\/\" \/>\n<meta property=\"og:site_name\" content=\"Zavod Bufeto\" \/>\n<meta property=\"article:modified_time\" content=\"2026-02-09T18:40:05+00:00\" \/>\n<meta property=\"og:image\" content=\"https:\/\/zavodbufeto.com\/wp-content\/uploads\/2026\/02\/4.-Best-clowns-in-a-row-1-scaled-1-1024x681.jpg\" \/>\n<meta name=\"twitter:card\" content=\"summary_large_image\" \/>\n<meta name=\"twitter:label1\" content=\"Estimated reading time\" \/>\n\t<meta name=\"twitter:data1\" content=\"2 minutes\" \/>\n<script type=\"application\/ld+json\" class=\"yoast-schema-graph\">{\"@context\":\"https:\/\/schema.org\",\"@graph\":[{\"@type\":\"WebPage\",\"@id\":\"https:\/\/zavodbufeto.com\/fraser-hooper\/\",\"url\":\"https:\/\/zavodbufeto.com\/fraser-hooper\/\",\"name\":\"DELAVNICA S FRASER HOOPERJEM - Zavod Bufeto\",\"isPartOf\":{\"@id\":\"\/#website\"},\"primaryImageOfPage\":{\"@id\":\"https:\/\/zavodbufeto.com\/fraser-hooper\/#primaryimage\"},\"image\":{\"@id\":\"https:\/\/zavodbufeto.com\/fraser-hooper\/#primaryimage\"},\"thumbnailUrl\":\"https:\/\/zavodbufeto.com\/wp-content\/uploads\/2026\/02\/4.-Best-clowns-in-a-row-1-scaled-1-1024x681.jpg\",\"datePublished\":\"2026-02-06T17:46:09+00:00\",\"dateModified\":\"2026-02-09T18:40:05+00:00\",\"breadcrumb\":{\"@id\":\"https:\/\/zavodbufeto.com\/fraser-hooper\/#breadcrumb\"},\"inLanguage\":\"en-GB\",\"potentialAction\":[{\"@type\":\"ReadAction\",\"target\":[\"https:\/\/zavodbufeto.com\/fraser-hooper\/\"]}]},{\"@type\":\"ImageObject\",\"inLanguage\":\"en-GB\",\"@id\":\"https:\/\/zavodbufeto.com\/fraser-hooper\/#primaryimage\",\"url\":\"https:\/\/zavodbufeto.com\/wp-content\/uploads\/2026\/02\/4.-Best-clowns-in-a-row-1-scaled-1-1024x681.jpg\",\"contentUrl\":\"https:\/\/zavodbufeto.com\/wp-content\/uploads\/2026\/02\/4.-Best-clowns-in-a-row-1-scaled-1-1024x681.jpg\"},{\"@type\":\"BreadcrumbList\",\"@id\":\"https:\/\/zavodbufeto.com\/fraser-hooper\/#breadcrumb\",\"itemListElement\":[{\"@type\":\"ListItem\",\"position\":1,\"name\":\"Home\",\"item\":\"https:\/\/zavodbufeto.com\/\"},{\"@type\":\"ListItem\",\"position\":2,\"name\":\"DELAVNICA S FRASER HOOPERJEM\"}]},{\"@type\":\"WebSite\",\"@id\":\"\/#website\",\"url\":\"\/\",\"name\":\"Zavod Bufeto\",\"description\":\"Zavod Bufeto\",\"publisher\":{\"@id\":\"\/#organization\"},\"potentialAction\":[{\"@type\":\"SearchAction\",\"target\":{\"@type\":\"EntryPoint\",\"urlTemplate\":\"\/?s={search_term_string}\"},\"query-input\":{\"@type\":\"PropertyValueSpecification\",\"valueRequired\":true,\"valueName\":\"search_term_string\"}}],\"inLanguage\":\"en-GB\"},{\"@type\":\"Organization\",\"@id\":\"\/#organization\",\"name\":\"Zavod Bufeto\",\"url\":\"\/\",\"logo\":{\"@type\":\"ImageObject\",\"inLanguage\":\"en-GB\",\"@id\":\"\/#\/schema\/logo\/image\/\",\"url\":\"https:\/\/zavodbufeto.com\/wp-content\/uploads\/2021\/02\/cropped-zavod_bufeto_-_logo_c\u030crn_png.png\",\"contentUrl\":\"https:\/\/zavodbufeto.com\/wp-content\/uploads\/2021\/02\/cropped-zavod_bufeto_-_logo_c\u030crn_png.png\",\"width\":512,\"height\":512,\"caption\":\"Zavod Bufeto\"},\"image\":{\"@id\":\"\/#\/schema\/logo\/image\/\"}}]}<\/script>\n<!-- \/ Yoast SEO plugin. -->","yoast_head_json":{"title":"DELAVNICA S FRASER HOOPERJEM - Zavod Bufeto","robots":{"index":"index","follow":"follow","max-snippet":"max-snippet:-1","max-image-preview":"max-image-preview:large","max-video-preview":"max-video-preview:-1"},"canonical":"https:\/\/zavodbufeto.com\/en\/fraser-hooper\/","og_locale":"en_GB","og_type":"article","og_title":"DELAVNICA S FRASER HOOPERJEM - Zavod Bufeto","og_description":"DELAVNICA S FRASER HOOPERJEM VSEBINA DELAVNICE Prakti\u010dna delavnica bo pokazala, kako zgraditi komi\u010dno etido, vsebovala bo delo z ob\u010dinstvom, razvijanje sloga, re\u017eijo in gledali\u0161\u010de predmetov. Preko improvizacije, ritma in igre [&hellip;]","og_url":"https:\/\/zavodbufeto.com\/en\/fraser-hooper\/","og_site_name":"Zavod Bufeto","article_modified_time":"2026-02-09T18:40:05+00:00","og_image":[{"url":"https:\/\/zavodbufeto.com\/wp-content\/uploads\/2026\/02\/4.-Best-clowns-in-a-row-1-scaled-1-1024x681.jpg","type":"","width":"","height":""}],"twitter_card":"summary_large_image","twitter_misc":{"Estimated reading time":"2 minutes"},"schema":{"@context":"https:\/\/schema.org","@graph":[{"@type":"WebPage","@id":"https:\/\/zavodbufeto.com\/fraser-hooper\/","url":"https:\/\/zavodbufeto.com\/fraser-hooper\/","name":"DELAVNICA S FRASER HOOPERJEM - Zavod Bufeto","isPartOf":{"@id":"\/#website"},"primaryImageOfPage":{"@id":"https:\/\/zavodbufeto.com\/fraser-hooper\/#primaryimage"},"image":{"@id":"https:\/\/zavodbufeto.com\/fraser-hooper\/#primaryimage"},"thumbnailUrl":"https:\/\/zavodbufeto.com\/wp-content\/uploads\/2026\/02\/4.-Best-clowns-in-a-row-1-scaled-1-1024x681.jpg","datePublished":"2026-02-06T17:46:09+00:00","dateModified":"2026-02-09T18:40:05+00:00","breadcrumb":{"@id":"https:\/\/zavodbufeto.com\/fraser-hooper\/#breadcrumb"},"inLanguage":"en-GB","potentialAction":[{"@type":"ReadAction","target":["https:\/\/zavodbufeto.com\/fraser-hooper\/"]}]},{"@type":"ImageObject","inLanguage":"en-GB","@id":"https:\/\/zavodbufeto.com\/fraser-hooper\/#primaryimage","url":"https:\/\/zavodbufeto.com\/wp-content\/uploads\/2026\/02\/4.-Best-clowns-in-a-row-1-scaled-1-1024x681.jpg","contentUrl":"https:\/\/zavodbufeto.com\/wp-content\/uploads\/2026\/02\/4.-Best-clowns-in-a-row-1-scaled-1-1024x681.jpg"},{"@type":"BreadcrumbList","@id":"https:\/\/zavodbufeto.com\/fraser-hooper\/#breadcrumb","itemListElement":[{"@type":"ListItem","position":1,"name":"Home","item":"https:\/\/zavodbufeto.com\/"},{"@type":"ListItem","position":2,"name":"DELAVNICA S FRASER HOOPERJEM"}]},{"@type":"WebSite","@id":"\/#website","url":"\/","name":"Zavod Bufeto","description":"Zavod Bufeto","publisher":{"@id":"\/#organization"},"potentialAction":[{"@type":"SearchAction","target":{"@type":"EntryPoint","urlTemplate":"\/?s={search_term_string}"},"query-input":{"@type":"PropertyValueSpecification","valueRequired":true,"valueName":"search_term_string"}}],"inLanguage":"en-GB"},{"@type":"Organization","@id":"\/#organization","name":"Zavod Bufeto","url":"\/","logo":{"@type":"ImageObject","inLanguage":"en-GB","@id":"\/#\/schema\/logo\/image\/","url":"https:\/\/zavodbufeto.com\/wp-content\/uploads\/2021\/02\/cropped-zavod_bufeto_-_logo_c\u030crn_png.png","contentUrl":"https:\/\/zavodbufeto.com\/wp-content\/uploads\/2021\/02\/cropped-zavod_bufeto_-_logo_c\u030crn_png.png","width":512,"height":512,"caption":"Zavod Bufeto"},"image":{"@id":"\/#\/schema\/logo\/image\/"}}]}},"_links":{"self":[{"href":"https:\/\/zavodbufeto.com\/en\/wp-json\/wp\/v2\/pages\/16956","targetHints":{"allow":["GET"]}}],"collection":[{"href":"https:\/\/zavodbufeto.com\/en\/wp-json\/wp\/v2\/pages"}],"about":[{"href":"https:\/\/zavodbufeto.com\/en\/wp-json\/wp\/v2\/types\/page"}],"author":[{"embeddable":true,"href":"https:\/\/zavodbufeto.com\/en\/wp-json\/wp\/v2\/users\/17"}],"replies":[{"embeddable":true,"href":"https:\/\/zavodbufeto.com\/en\/wp-json\/wp\/v2\/comments?post=16956"}],"version-history":[{"count":3,"href":"https:\/\/zavodbufeto.com\/en\/wp-json\/wp\/v2\/pages\/16956\/revisions"}],"predecessor-version":[{"id":17190,"href":"https:\/\/zavodbufeto.com\/en\/wp-json\/wp\/v2\/pages\/16956\/revisions\/17190"}],"wp:attachment":[{"href":"https:\/\/zavodbufeto.com\/en\/wp-json\/wp\/v2\/media?parent=16956"}],"curies":[{"name":"wp","href":"https:\/\/api.w.org\/{rel}","templated":true}]}}