{"id":16984,"date":"2026-02-07T13:01:28","date_gmt":"2026-02-07T13:01:28","guid":{"rendered":"https:\/\/zavodbufeto.com\/?page_id=16984"},"modified":"2026-02-07T13:01:29","modified_gmt":"2026-02-07T13:01:29","slug":"jelizaveta-bam","status":"publish","type":"page","link":"https:\/\/zavodbufeto.com\/en\/jelizaveta-bam\/","title":{"rendered":"Jelizaveta Bam"},"content":{"rendered":"\n<h1 class=\"wp-block-heading\">Jelizaveta Bam<\/h1>\n\n\n\n<p>Uprizoritveni pristop Ravila Sultanova k Harmsovi besedilni predlogi ni naklju\u010dje. Harmsov literarni humor in klovnovski jezik Sultanova namre\u010d dru\u017ei mnogo ve\u010d, kot le komi\u010dni u\u010dinek na gledalca. \u017de besedilo, \u0161e bolj pa predstava, gledalca vodita v nehoteno do\u017eivljanje trenutka tukaj in zdaj, ga s svojo intenzivnostjo osvobodita poskusov razumevanja in razlage pomenov posameznih elementov na odru, obenem pa s prvovrstnim humorjem odpirata nove mo\u017enosti za do\u017eivljanje umetni\u0161kega dela. Kot je zapisal A. Vvedenski: \u00bbPravijo, da je \u017eivljenje v primerjavi z ve\u010dnostjo trenutek, jaz pa pravim, da je \u017eivljenje tudi sicer trenutek, celo v primerjavi s trenutkom.\u00ab Jelizaveta Bam v re\u017eiji Ravila Sultanova skozi serijo nesmislov podaja sporo\u010dilo o tem, kaj pomeni biti \u010dlovek in kak\u0161na je \u010dlove\u0161ka dru\u017eba; neusmiljeno sme\u0161na in hkrati kruto komi\u010dna.<br><\/p>\n\n\n\n<div class=\"wp-block-columns is-layout-flex wp-container-core-columns-is-layout-28f84493 wp-block-columns-is-layout-flex\">\n<div class=\"wp-block-column is-layout-flow wp-block-column-is-layout-flow\">\n<p>Avtor: Daniil Harms<\/p>\n\n\n\n<p>Re\u017eija: Ravila Sultanova<\/p>\n\n\n\n<p>PRODUKCIJA Predstava Jelizaveta Bam je nastala v produkciji Zavoda Bufeto v sodelovanju s Slovenskim mladinskim gledali\u0161\u010dem. Premiera: 26. 05. 2013. HARMS IN NJEGOVO DELO Daniil Ivanovi\u010d Harms (njegov pravi priimek je Juva\u010dov, Harms pa nadimek, ki si ga je sam izbral) se je rodil leta 1905 in ve\u010dino svojega \u017eivljenja \u017eivel in delal v Sankt Petersburgu, v dr\u017eavi, ki se je tekom njegovega \u017eivljenja iz carske Rusije preoblikovala v Sovjetsko zvezo. To so bili burni \u010dasi, polni politi\u010dnih preobratov, posledi\u010dno pa tudi izjemno plodni za literarno ustvarjanje. Harms je pisal poezijo, dramatiko, kratko prozo in, kar ni naklju\u010dje, tudi otro\u0161ko literaturo. Njegova kratka proza je slovenskim bralcem znana iz priljubljene zbirke z naslovom Zakon lin\u010da (izbral in prevedel Drago Bajt). V teh svojih kratkih proznih vinjetah Harms ubeseduje nekaj otro\u0161kega: v zgodbah nastopajo znane zgodovinske in literarne osebnosti in na prvi pogled se nam lahko celo zazdi, da beremo odlomke iz verodostojnih biografij priznanih ruskih literatov, dokler se Harmsov svet z eno samo potezo ne obrne na glavo in \u017ee prebiramo o Tolstojevi no\u010dni posodi ali o tem, kako se Gogolj in Pu\u0161kin nenehno spotikata drug \u010dez drugega. Harmsov humor v nas zbuja prvinska \u010dustva, odzive, ki se jim tudi najbolj racionalisti\u010dno naperjeni bralec ne more upreti. Podobne vzvode vsebuje tudi dramsko besedilo Jelizaveta Bam (1926), ki se sicer v svoji snovi (aretacija nedol\u017enega posameznika) spogleduje s Kafkovim Procesom, vendar Harms kmalu po uvodnem prizoru gledal\u010devo pozornost z zgodbe preusmeri na serijo absurdnih, celo surrealisti\u010dnih situacij, ki nimajo smisla. Oziroma imajo smisel ravno v tem, da so nesmiselne. S tem pa nas prisilijo, da beremo besedilo, ne da bi ga sku\u0161ali razumeti (osmisliti), ampak ga nujno do\u017eivimo, za\u010dutimo, izkusimo.<\/p>\n\n\n\n<p>ZDRU\u017dENJE OBERIU To, namre\u010d iskanje do\u017eivetja oz. do\u017eivljanja umetnosti, je bila skupna zna\u010dilnost ve\u010d ruskih avtorjev, ki so v dvajsetih letih 20. stoletja ustanovili skupino Oberiu. Ime je kratica za Ob\u2019jedinenie real\u2019nogo iskusstva ali Zdru\u017eenje za resni\u010dno umetnost. Polega Harmsa so zdru\u017eenje Oberiu sestavljali \u0161e literati in filozofi Konstantin Vaginov, Aleksander Vvedenski, Nikolaj Zabolocki in drugi. Dela teh avtorjev so oznako \u00bbabsurdna\u00ab ali \u00bbabsurdisti\u010dna\u00ab literatura dobila \u0161ele precej kasneje, saj je npr. Harmsova Jelizaveta Bam napisana dobrih dvajset let pred Ionescovo Ple\u0161asto pevko. Oberiuti so bili torej resni\u010dna avantgarda, pionirji v svojem nenavadnem literarnem ustvarjanju. Bili so enfants terribles na tedanji literarni sceni, saj so se ukvarjali z ubesedovanjem nesmisla, z odsotnostjo smisla. A niso se trudili razlo\u017eiti svojih nesmislov, saj je razlaga nesmisla \u0161e bolj nesmiselna od nesmisla samega, kot je kasneje zapisal eden od \u010dlanov zdru\u017eenja, J. S. Druskin1.<\/p>\n\n\n\n<p>KAJ KLOVNI I\u0160\u010cEJO V DRAMSKEM GLEDALI\u0160\u010cU? Ni\u010desar ne i\u0161\u010dejo, na\u0161li so sami sebe. H klovnskemu pristopu za uprizoritev Jelizavete Bam poziva \u017ee Harmsovo besedilo samo, saj skozi gledali\u0161ki realizem ali kakr\u0161en koli izrecno dramski \u017eanr, sr\u017e besedila ne bi dosegla gledalca, predstave pa ob\u010dinstvo ne bi zares izkusilo. \u017de \u010dlani zdru\u017eenja Oberiu so svoje predstave uprizarjali ludisti\u010dno, z odstopom od takrat uveljavljenega \u010dehovljanskega gledali\u0161\u010da, saj so verjeli, da je resni\u010dno do\u017eivetje v gledali\u0161\u010du mogo\u010de, vendar se je za to treba oddaljiti od literature in poiskati gledali\u0161ko formo, ki bo v gledalcih vzbujala prvinske odzive. Uprizoritveni pristop re\u017eiserja Ravila Sultanova k Harmsovi besedilni predlogi torej ni naklju\u010dje. Harmsov literarni humor in klovnado Ravila Sultanova namre\u010d dru\u017ei mnogo ve\u010d kot le komi\u010dni u\u010dinek na gledalca. \u017de besedilo, \u0161e bolj pa predstava gledalca vodi v nehoteno do\u017eivljanje trenutka tukaj in zdaj, ga s svojo intenzivnostjo osvobodi poskusov razumevanja in sprotne razlage pomenov posameznih elementov na odru, s tem, obenem pa tudi s prvovrstnim humorjem pa posameznika odpre za do\u017eivljanje umetni\u0161kega dela. Kot je zapisal A. Vvedenski: \u00bb[\u2026]pravijo, da je \u017eivljenje v primerjavi z ve\u010dnostjo trenutek, jaz pa pravim, da je \u017eivljenje tudi sicer trenutek, celo v primerjavi s trenutkom.\u00ab Jelizaveta Bam v re\u017eiji Ravila Sultanova skozi serijo nesmislov podaja sporo\u010dilo o tem, kaj pomeni biti \u010dlovek in kak\u0161na je \u010dlove\u0161ka dru\u017eba: neusmiljeno sme\u0161na, kruto komi\u010dna. In kar je pri tem najbolj hecno ali morda \u017ealostno, je to, da v tem dana\u0161nja ni ni\u010d druga\u010dna od dru\u017ebe, v kateri je \u017eivel in delal Daniil Harms: dru\u017eba, ki ga je trpin\u010dila in ki se ji je posmehoval. Dru\u017eba, ki nenehno izgublja svoj smisel, \u0161e zlasti za nedol\u017enega posameznika ali posameznico, kakr\u0161na je Jelizaveta Bam. Kot je zapisal Harms: PJOTR NIKOLAJEVI\u010c: [\u2026] nimate pravice do glasu. Naredili ste ogaben zlo\u010din. Nimate pravice, da bi mi govorili predrznosti. Vi ste zlo\u010dinka! JELIZAVETA BAM: Zakaj? PJOTR NIKOLAJEVI\u010c: Kako \u2013 zakaj? JELIZAvETA BAM: Zakaj sem zlo\u010dinka? PJOTR NIKOLAJEVI\u010c: Zato, ker nimate pravice do glasu. (D. Harms, Jelizaveta Bam) \u00bbNesmisla ni mogo\u010de razumeti: razumljen nesmisel \u017ee ni ve\u010d nesmisel.\u00ab (J. S. Druskin) Zato nima smisla (!) iskati klju\u010da za razumevanje predstave Jelizavetata Bam, bolj smiselno (!) je, da se predstavi prepustimo in jo resni\u010dno do\u017eivimo.<\/p>\n\n\n\n<ul class=\"wp-block-list\">\n<li><a href=\"https:\/\/zavodbufeto.com\/wp-content\/uploads\/2020\/07\/3-2.png\"><\/a><\/li>\n<\/ul>\n<\/div>\n\n\n\n<div class=\"wp-block-column is-layout-flow wp-block-column-is-layout-flow\">\n<p>Besedilo: Daniil Harms<\/p>\n\n\n\n<p>Prevod: Borut Kra\u0161evec<\/p>\n\n\n\n<p>Zamisel, re\u017eija, scenografija, trening igralcev: Ravil Sultanov Pomo\u010d pri re\u017eiji, odrski gib, dramaturgija Natalia Sultanova<\/p>\n\n\n\n<p>Igrajo: Ravil Sultanov, Sara Lu\u017eovec, Ana Cimperman<\/p>\n\n\n\n<p>Avtorska glasba: Davor Herceg<\/p>\n\n\n\n<p>Oblikovanje scene in kostumov: Andreja Kova\u010d<\/p>\n\n\n\n<p>Oblikovanje lu\u010di in tehni\u010dna izvedba: An\u017ee Virant<\/p>\n\n\n\n<p>Fotografija, pomo\u010d pri produkciji: Rok Govednik<\/p>\n\n\n\n<p>Pomo\u010d pri dramaturgiji, besedilo za gledali\u0161ki list: Kim Komljanec<\/p>\n\n\n\n<p>Oblikovanje gledali\u0161kega lista: Ma\u0161a Kozjek<\/p>\n\n\n\n<p>Izdelava scene: Sandi Miklu\u017e Bo\u0161tjan, Kljaki\u010d Rekviziti ,Dare Kragelj<\/p>\n\n\n\n<p>Produkcija: Zavod Bufeto v sodelovanju s Slovenskim mladinskim gledali\u0161\u010dem<\/p>\n\n\n\n<p>Izvr\u0161na producentka: Natalia Sultanova<\/p>\n\n\n\n<p>Predstava traja 65 minut.<\/p>\n<\/div>\n<\/div>\n\n\n\n<p><br><\/p>\n","protected":false},"excerpt":{"rendered":"<p>Jelizaveta Bam Uprizoritveni pristop Ravila Sultanova k Harmsovi besedilni predlogi ni naklju\u010dje. Harmsov literarni humor in klovnovski jezik Sultanova namre\u010d dru\u017ei mnogo ve\u010d, kot le komi\u010dni u\u010dinek na gledalca. \u017de [&hellip;]<\/p>\n","protected":false},"author":17,"featured_media":0,"parent":0,"menu_order":0,"comment_status":"closed","ping_status":"closed","template":"","meta":{"_EventAllDay":false,"_EventTimezone":"","_EventStartDate":"","_EventEndDate":"","_EventStartDateUTC":"","_EventEndDateUTC":"","_EventShowMap":false,"_EventShowMapLink":false,"_EventURL":"","_EventCost":"","_EventCostDescription":"","_EventCurrencySymbol":"","_EventCurrencyCode":"","_EventCurrencyPosition":"","_EventDateTimeSeparator":"","_EventTimeRangeSeparator":"","_EventOrganizerID":[],"_EventVenueID":[],"_OrganizerEmail":"","_OrganizerPhone":"","_OrganizerWebsite":"","_VenueAddress":"","_VenueCity":"","_VenueCountry":"","_VenueProvince":"","_VenueState":"","_VenueZip":"","_VenuePhone":"","_VenueURL":"","_VenueStateProvince":"","_VenueLat":"","_VenueLng":"","_VenueShowMap":false,"_VenueShowMapLink":false,"footnotes":""},"class_list":["post-16984","page","type-page","status-publish","hentry"],"yoast_head":"<!-- This site is optimized with the Yoast SEO plugin v26.9 - https:\/\/yoast.com\/product\/yoast-seo-wordpress\/ -->\n<title>Jelizaveta Bam - Zavod Bufeto<\/title>\n<meta name=\"robots\" content=\"index, follow, max-snippet:-1, max-image-preview:large, max-video-preview:-1\" \/>\n<link rel=\"canonical\" href=\"https:\/\/zavodbufeto.com\/en\/jelizaveta-bam\/\" \/>\n<meta property=\"og:locale\" content=\"en_GB\" \/>\n<meta property=\"og:type\" content=\"article\" \/>\n<meta property=\"og:title\" content=\"Jelizaveta Bam - Zavod Bufeto\" \/>\n<meta property=\"og:description\" content=\"Jelizaveta Bam Uprizoritveni pristop Ravila Sultanova k Harmsovi besedilni predlogi ni naklju\u010dje. Harmsov literarni humor in klovnovski jezik Sultanova namre\u010d dru\u017ei mnogo ve\u010d, kot le komi\u010dni u\u010dinek na gledalca. \u017de [&hellip;]\" \/>\n<meta property=\"og:url\" content=\"https:\/\/zavodbufeto.com\/en\/jelizaveta-bam\/\" \/>\n<meta property=\"og:site_name\" content=\"Zavod Bufeto\" \/>\n<meta property=\"article:modified_time\" content=\"2026-02-07T13:01:29+00:00\" \/>\n<meta name=\"twitter:card\" content=\"summary_large_image\" \/>\n<meta name=\"twitter:label1\" content=\"Estimated reading time\" \/>\n\t<meta name=\"twitter:data1\" content=\"6 minutes\" \/>\n<script type=\"application\/ld+json\" class=\"yoast-schema-graph\">{\"@context\":\"https:\/\/schema.org\",\"@graph\":[{\"@type\":\"WebPage\",\"@id\":\"https:\/\/zavodbufeto.com\/jelizaveta-bam\/\",\"url\":\"https:\/\/zavodbufeto.com\/jelizaveta-bam\/\",\"name\":\"Jelizaveta Bam - Zavod Bufeto\",\"isPartOf\":{\"@id\":\"\/#website\"},\"datePublished\":\"2026-02-07T13:01:28+00:00\",\"dateModified\":\"2026-02-07T13:01:29+00:00\",\"breadcrumb\":{\"@id\":\"https:\/\/zavodbufeto.com\/jelizaveta-bam\/#breadcrumb\"},\"inLanguage\":\"en-GB\",\"potentialAction\":[{\"@type\":\"ReadAction\",\"target\":[\"https:\/\/zavodbufeto.com\/jelizaveta-bam\/\"]}]},{\"@type\":\"BreadcrumbList\",\"@id\":\"https:\/\/zavodbufeto.com\/jelizaveta-bam\/#breadcrumb\",\"itemListElement\":[{\"@type\":\"ListItem\",\"position\":1,\"name\":\"Home\",\"item\":\"https:\/\/zavodbufeto.com\/\"},{\"@type\":\"ListItem\",\"position\":2,\"name\":\"Jelizaveta Bam\"}]},{\"@type\":\"WebSite\",\"@id\":\"\/#website\",\"url\":\"\/\",\"name\":\"Zavod Bufeto\",\"description\":\"Zavod Bufeto\",\"publisher\":{\"@id\":\"\/#organization\"},\"potentialAction\":[{\"@type\":\"SearchAction\",\"target\":{\"@type\":\"EntryPoint\",\"urlTemplate\":\"\/?s={search_term_string}\"},\"query-input\":{\"@type\":\"PropertyValueSpecification\",\"valueRequired\":true,\"valueName\":\"search_term_string\"}}],\"inLanguage\":\"en-GB\"},{\"@type\":\"Organization\",\"@id\":\"\/#organization\",\"name\":\"Zavod Bufeto\",\"url\":\"\/\",\"logo\":{\"@type\":\"ImageObject\",\"inLanguage\":\"en-GB\",\"@id\":\"\/#\/schema\/logo\/image\/\",\"url\":\"https:\/\/zavodbufeto.com\/wp-content\/uploads\/2021\/02\/cropped-zavod_bufeto_-_logo_c\u030crn_png.png\",\"contentUrl\":\"https:\/\/zavodbufeto.com\/wp-content\/uploads\/2021\/02\/cropped-zavod_bufeto_-_logo_c\u030crn_png.png\",\"width\":512,\"height\":512,\"caption\":\"Zavod Bufeto\"},\"image\":{\"@id\":\"\/#\/schema\/logo\/image\/\"}}]}<\/script>\n<!-- \/ Yoast SEO plugin. -->","yoast_head_json":{"title":"Jelizaveta Bam - Zavod Bufeto","robots":{"index":"index","follow":"follow","max-snippet":"max-snippet:-1","max-image-preview":"max-image-preview:large","max-video-preview":"max-video-preview:-1"},"canonical":"https:\/\/zavodbufeto.com\/en\/jelizaveta-bam\/","og_locale":"en_GB","og_type":"article","og_title":"Jelizaveta Bam - Zavod Bufeto","og_description":"Jelizaveta Bam Uprizoritveni pristop Ravila Sultanova k Harmsovi besedilni predlogi ni naklju\u010dje. Harmsov literarni humor in klovnovski jezik Sultanova namre\u010d dru\u017ei mnogo ve\u010d, kot le komi\u010dni u\u010dinek na gledalca. \u017de [&hellip;]","og_url":"https:\/\/zavodbufeto.com\/en\/jelizaveta-bam\/","og_site_name":"Zavod Bufeto","article_modified_time":"2026-02-07T13:01:29+00:00","twitter_card":"summary_large_image","twitter_misc":{"Estimated reading time":"6 minutes"},"schema":{"@context":"https:\/\/schema.org","@graph":[{"@type":"WebPage","@id":"https:\/\/zavodbufeto.com\/jelizaveta-bam\/","url":"https:\/\/zavodbufeto.com\/jelizaveta-bam\/","name":"Jelizaveta Bam - Zavod Bufeto","isPartOf":{"@id":"\/#website"},"datePublished":"2026-02-07T13:01:28+00:00","dateModified":"2026-02-07T13:01:29+00:00","breadcrumb":{"@id":"https:\/\/zavodbufeto.com\/jelizaveta-bam\/#breadcrumb"},"inLanguage":"en-GB","potentialAction":[{"@type":"ReadAction","target":["https:\/\/zavodbufeto.com\/jelizaveta-bam\/"]}]},{"@type":"BreadcrumbList","@id":"https:\/\/zavodbufeto.com\/jelizaveta-bam\/#breadcrumb","itemListElement":[{"@type":"ListItem","position":1,"name":"Home","item":"https:\/\/zavodbufeto.com\/"},{"@type":"ListItem","position":2,"name":"Jelizaveta Bam"}]},{"@type":"WebSite","@id":"\/#website","url":"\/","name":"Zavod Bufeto","description":"Zavod Bufeto","publisher":{"@id":"\/#organization"},"potentialAction":[{"@type":"SearchAction","target":{"@type":"EntryPoint","urlTemplate":"\/?s={search_term_string}"},"query-input":{"@type":"PropertyValueSpecification","valueRequired":true,"valueName":"search_term_string"}}],"inLanguage":"en-GB"},{"@type":"Organization","@id":"\/#organization","name":"Zavod Bufeto","url":"\/","logo":{"@type":"ImageObject","inLanguage":"en-GB","@id":"\/#\/schema\/logo\/image\/","url":"https:\/\/zavodbufeto.com\/wp-content\/uploads\/2021\/02\/cropped-zavod_bufeto_-_logo_c\u030crn_png.png","contentUrl":"https:\/\/zavodbufeto.com\/wp-content\/uploads\/2021\/02\/cropped-zavod_bufeto_-_logo_c\u030crn_png.png","width":512,"height":512,"caption":"Zavod Bufeto"},"image":{"@id":"\/#\/schema\/logo\/image\/"}}]}},"_links":{"self":[{"href":"https:\/\/zavodbufeto.com\/en\/wp-json\/wp\/v2\/pages\/16984","targetHints":{"allow":["GET"]}}],"collection":[{"href":"https:\/\/zavodbufeto.com\/en\/wp-json\/wp\/v2\/pages"}],"about":[{"href":"https:\/\/zavodbufeto.com\/en\/wp-json\/wp\/v2\/types\/page"}],"author":[{"embeddable":true,"href":"https:\/\/zavodbufeto.com\/en\/wp-json\/wp\/v2\/users\/17"}],"replies":[{"embeddable":true,"href":"https:\/\/zavodbufeto.com\/en\/wp-json\/wp\/v2\/comments?post=16984"}],"version-history":[{"count":1,"href":"https:\/\/zavodbufeto.com\/en\/wp-json\/wp\/v2\/pages\/16984\/revisions"}],"predecessor-version":[{"id":16985,"href":"https:\/\/zavodbufeto.com\/en\/wp-json\/wp\/v2\/pages\/16984\/revisions\/16985"}],"wp:attachment":[{"href":"https:\/\/zavodbufeto.com\/en\/wp-json\/wp\/v2\/media?parent=16984"}],"curies":[{"name":"wp","href":"https:\/\/api.w.org\/{rel}","templated":true}]}}