{"id":17044,"date":"2026-02-07T14:27:15","date_gmt":"2026-02-07T14:27:15","guid":{"rendered":"https:\/\/zavodbufeto.com\/?page_id=17044"},"modified":"2026-02-07T14:27:17","modified_gmt":"2026-02-07T14:27:17","slug":"mini-cirkus-bufeto","status":"publish","type":"page","link":"https:\/\/zavodbufeto.com\/en\/mini-cirkus-bufeto\/","title":{"rendered":"Mini cirkus Bufeto"},"content":{"rendered":"<h1 class=\"wp-block-heading\"><a href=\"https:\/\/zavodbufeto.com\/wp-admin\/post.php?post=15481&amp;action=edit\">Mini cirkus Bufeto<\/a><\/h1>\n\n\n\n<p>Klovn in klovnesa skozi skupne dogodiv\u0161\u010dine spletata zabaven odnos, v katerem se skupaj igrata, ustvarjata in podajata v nepozabne izku\u0161nje. Pri tem tekmujeta, si nagajata, sodelujeta, si pomagata. Na koncu ugotovita, da je najpomembnej\u0161e prijateljstvo.<\/p>\n\n\n\n<div class=\"wp-block-columns is-layout-flex wp-container-core-columns-is-layout-28f84493 wp-block-columns-is-layout-flex\">\n<div class=\"wp-block-column is-layout-flow wp-block-column-is-layout-flow\">\n<div class=\"alignnormal\"><div id=\"metaslider-id-17045\" style=\"width: 100%;\" class=\"ml-slider-3-105-0 metaslider metaslider-flex metaslider-17045 ml-slider has-dots-nav ms-theme-default-base\" role=\"region\" aria-label=\"Mini cirkus Bufeto\" data-height=\"500\" data-width=\"700\">\n    <div id=\"metaslider_container_17045\">\n        <div id=\"metaslider_17045\">\n            <ul aria-live='off' class='slides'>\n                <li style=\"display: block; width: 100%;\" class=\"slide-17137 ms-image\" aria-roledescription=\"slide\" data-date=\"2026-02-08 01:58:50\" data-filename=\"5-2-600x428.png\" data-slide-type=\"image\"><img loading=\"lazy\" decoding=\"async\" src=\"https:\/\/zavodbufeto.com\/wp-content\/uploads\/2026\/02\/5-2-600x428.png\" height=\"500\" width=\"700\" alt=\"\" class=\"slider-17045 slide-17137 msDefaultImage\" title=\"5-2\" \/><\/li>\n                <li style=\"display: none; width: 100%;\" class=\"slide-17138 ms-image\" aria-roledescription=\"slide\" data-date=\"2026-02-08 01:58:50\" data-filename=\"4-4-600x428.png\" data-slide-type=\"image\"><img loading=\"lazy\" decoding=\"async\" src=\"https:\/\/zavodbufeto.com\/wp-content\/uploads\/2026\/02\/4-4-600x428.png\" height=\"500\" width=\"700\" alt=\"\" class=\"slider-17045 slide-17138 msDefaultImage\" title=\"4-4\" \/><\/li>\n                <li style=\"display: none; width: 100%;\" class=\"slide-17139 ms-image\" aria-roledescription=\"slide\" data-date=\"2026-02-08 01:58:50\" data-filename=\"3-5-600x428.png\" data-slide-type=\"image\"><img loading=\"lazy\" decoding=\"async\" src=\"https:\/\/zavodbufeto.com\/wp-content\/uploads\/2026\/02\/3-5-600x428.png\" height=\"500\" width=\"700\" alt=\"\" class=\"slider-17045 slide-17139 msDefaultImage\" title=\"3-5\" \/><\/li>\n                <li style=\"display: none; width: 100%;\" class=\"slide-17140 ms-image\" aria-roledescription=\"slide\" data-date=\"2026-02-08 01:58:50\" data-filename=\"2-5-600x428.png\" data-slide-type=\"image\"><img loading=\"lazy\" decoding=\"async\" src=\"https:\/\/zavodbufeto.com\/wp-content\/uploads\/2026\/02\/2-5-600x428.png\" height=\"500\" width=\"700\" alt=\"\" class=\"slider-17045 slide-17140 msDefaultImage\" title=\"2-5\" \/><\/li>\n                <li style=\"display: none; width: 100%;\" class=\"slide-17141 ms-image\" aria-roledescription=\"slide\" data-date=\"2026-02-08 01:58:50\" data-filename=\"1-6-600x428.png\" data-slide-type=\"image\"><img loading=\"lazy\" decoding=\"async\" src=\"https:\/\/zavodbufeto.com\/wp-content\/uploads\/2026\/02\/1-6-600x428.png\" height=\"500\" width=\"700\" alt=\"\" class=\"slider-17045 slide-17141 msDefaultImage\" title=\"1-6\" \/><\/li>\n            <\/ul>\n        <\/div>\n        \n    <\/div>\n<\/div><\/div>\n<\/div>\n\n\n\n<div class=\"wp-block-column is-layout-flow wp-block-column-is-layout-flow\">\n<p>Avtorja in izvajalca: NATA\u0160A SULTANOVA, RAVIL SULTANOV<\/p>\n\n\n\n<p>Producent: ZAVOD BUFETO<\/p>\n\n\n\n<p>Foto: ROK GOVEDNIK<\/p>\n\n\n\n<p>Trajanje: 30 min<\/p>\n<\/div>\n<\/div>","protected":false},"excerpt":{"rendered":"<p>Mini cirkus Bufeto Klovn in klovnesa skozi skupne dogodiv\u0161\u010dine spletata zabaven odnos, v katerem se skupaj igrata, ustvarjata in podajata v nepozabne izku\u0161nje. Pri tem tekmujeta, si nagajata, sodelujeta, si [&hellip;]<\/p>\n","protected":false},"author":17,"featured_media":0,"parent":0,"menu_order":0,"comment_status":"closed","ping_status":"closed","template":"","meta":{"_EventAllDay":false,"_EventTimezone":"","_EventStartDate":"","_EventEndDate":"","_EventStartDateUTC":"","_EventEndDateUTC":"","_EventShowMap":false,"_EventShowMapLink":false,"_EventURL":"","_EventCost":"","_EventCostDescription":"","_EventCurrencySymbol":"","_EventCurrencyCode":"","_EventCurrencyPosition":"","_EventDateTimeSeparator":"","_EventTimeRangeSeparator":"","_EventOrganizerID":[],"_EventVenueID":[],"_OrganizerEmail":"","_OrganizerPhone":"","_OrganizerWebsite":"","_VenueAddress":"","_VenueCity":"","_VenueCountry":"","_VenueProvince":"","_VenueState":"","_VenueZip":"","_VenuePhone":"","_VenueURL":"","_VenueStateProvince":"","_VenueLat":"","_VenueLng":"","_VenueShowMap":false,"_VenueShowMapLink":false,"footnotes":""},"class_list":["post-17044","page","type-page","status-publish","hentry"],"yoast_head":"<!-- This site is optimized with the Yoast SEO plugin v26.9 - https:\/\/yoast.com\/product\/yoast-seo-wordpress\/ -->\n<title>Mini cirkus Bufeto - Zavod Bufeto<\/title>\n<meta name=\"robots\" content=\"index, follow, max-snippet:-1, max-image-preview:large, max-video-preview:-1\" \/>\n<link rel=\"canonical\" href=\"https:\/\/zavodbufeto.com\/en\/mini-cirkus-bufeto\/\" \/>\n<meta property=\"og:locale\" content=\"en_GB\" \/>\n<meta property=\"og:type\" content=\"article\" \/>\n<meta property=\"og:title\" content=\"Mini cirkus Bufeto - Zavod Bufeto\" \/>\n<meta property=\"og:description\" content=\"Mini cirkus Bufeto Klovn in klovnesa skozi skupne dogodiv\u0161\u010dine spletata zabaven odnos, v katerem se skupaj igrata, ustvarjata in podajata v nepozabne izku\u0161nje. Pri tem tekmujeta, si nagajata, sodelujeta, si [&hellip;]\" \/>\n<meta property=\"og:url\" content=\"https:\/\/zavodbufeto.com\/en\/mini-cirkus-bufeto\/\" \/>\n<meta property=\"og:site_name\" content=\"Zavod Bufeto\" \/>\n<meta property=\"article:modified_time\" content=\"2026-02-07T14:27:17+00:00\" \/>\n<meta name=\"twitter:card\" content=\"summary_large_image\" \/>\n<script type=\"application\/ld+json\" class=\"yoast-schema-graph\">{\"@context\":\"https:\/\/schema.org\",\"@graph\":[{\"@type\":\"WebPage\",\"@id\":\"https:\/\/zavodbufeto.com\/mini-cirkus-bufeto\/\",\"url\":\"https:\/\/zavodbufeto.com\/mini-cirkus-bufeto\/\",\"name\":\"Mini cirkus Bufeto - Zavod Bufeto\",\"isPartOf\":{\"@id\":\"\/#website\"},\"datePublished\":\"2026-02-07T14:27:15+00:00\",\"dateModified\":\"2026-02-07T14:27:17+00:00\",\"breadcrumb\":{\"@id\":\"https:\/\/zavodbufeto.com\/mini-cirkus-bufeto\/#breadcrumb\"},\"inLanguage\":\"en-GB\",\"potentialAction\":[{\"@type\":\"ReadAction\",\"target\":[\"https:\/\/zavodbufeto.com\/mini-cirkus-bufeto\/\"]}]},{\"@type\":\"BreadcrumbList\",\"@id\":\"https:\/\/zavodbufeto.com\/mini-cirkus-bufeto\/#breadcrumb\",\"itemListElement\":[{\"@type\":\"ListItem\",\"position\":1,\"name\":\"Home\",\"item\":\"https:\/\/zavodbufeto.com\/\"},{\"@type\":\"ListItem\",\"position\":2,\"name\":\"Mini cirkus Bufeto\"}]},{\"@type\":\"WebSite\",\"@id\":\"\/#website\",\"url\":\"\/\",\"name\":\"Zavod Bufeto\",\"description\":\"Zavod Bufeto\",\"publisher\":{\"@id\":\"\/#organization\"},\"potentialAction\":[{\"@type\":\"SearchAction\",\"target\":{\"@type\":\"EntryPoint\",\"urlTemplate\":\"\/?s={search_term_string}\"},\"query-input\":{\"@type\":\"PropertyValueSpecification\",\"valueRequired\":true,\"valueName\":\"search_term_string\"}}],\"inLanguage\":\"en-GB\"},{\"@type\":\"Organization\",\"@id\":\"\/#organization\",\"name\":\"Zavod Bufeto\",\"url\":\"\/\",\"logo\":{\"@type\":\"ImageObject\",\"inLanguage\":\"en-GB\",\"@id\":\"\/#\/schema\/logo\/image\/\",\"url\":\"https:\/\/zavodbufeto.com\/wp-content\/uploads\/2021\/02\/cropped-zavod_bufeto_-_logo_c\u030crn_png.png\",\"contentUrl\":\"https:\/\/zavodbufeto.com\/wp-content\/uploads\/2021\/02\/cropped-zavod_bufeto_-_logo_c\u030crn_png.png\",\"width\":512,\"height\":512,\"caption\":\"Zavod Bufeto\"},\"image\":{\"@id\":\"\/#\/schema\/logo\/image\/\"}}]}<\/script>\n<!-- \/ Yoast SEO plugin. -->","yoast_head_json":{"title":"Mini cirkus Bufeto - Zavod Bufeto","robots":{"index":"index","follow":"follow","max-snippet":"max-snippet:-1","max-image-preview":"max-image-preview:large","max-video-preview":"max-video-preview:-1"},"canonical":"https:\/\/zavodbufeto.com\/en\/mini-cirkus-bufeto\/","og_locale":"en_GB","og_type":"article","og_title":"Mini cirkus Bufeto - Zavod Bufeto","og_description":"Mini cirkus Bufeto Klovn in klovnesa skozi skupne dogodiv\u0161\u010dine spletata zabaven odnos, v katerem se skupaj igrata, ustvarjata in podajata v nepozabne izku\u0161nje. Pri tem tekmujeta, si nagajata, sodelujeta, si [&hellip;]","og_url":"https:\/\/zavodbufeto.com\/en\/mini-cirkus-bufeto\/","og_site_name":"Zavod Bufeto","article_modified_time":"2026-02-07T14:27:17+00:00","twitter_card":"summary_large_image","schema":{"@context":"https:\/\/schema.org","@graph":[{"@type":"WebPage","@id":"https:\/\/zavodbufeto.com\/mini-cirkus-bufeto\/","url":"https:\/\/zavodbufeto.com\/mini-cirkus-bufeto\/","name":"Mini cirkus Bufeto - Zavod Bufeto","isPartOf":{"@id":"\/#website"},"datePublished":"2026-02-07T14:27:15+00:00","dateModified":"2026-02-07T14:27:17+00:00","breadcrumb":{"@id":"https:\/\/zavodbufeto.com\/mini-cirkus-bufeto\/#breadcrumb"},"inLanguage":"en-GB","potentialAction":[{"@type":"ReadAction","target":["https:\/\/zavodbufeto.com\/mini-cirkus-bufeto\/"]}]},{"@type":"BreadcrumbList","@id":"https:\/\/zavodbufeto.com\/mini-cirkus-bufeto\/#breadcrumb","itemListElement":[{"@type":"ListItem","position":1,"name":"Home","item":"https:\/\/zavodbufeto.com\/"},{"@type":"ListItem","position":2,"name":"Mini cirkus Bufeto"}]},{"@type":"WebSite","@id":"\/#website","url":"\/","name":"Zavod Bufeto","description":"Zavod Bufeto","publisher":{"@id":"\/#organization"},"potentialAction":[{"@type":"SearchAction","target":{"@type":"EntryPoint","urlTemplate":"\/?s={search_term_string}"},"query-input":{"@type":"PropertyValueSpecification","valueRequired":true,"valueName":"search_term_string"}}],"inLanguage":"en-GB"},{"@type":"Organization","@id":"\/#organization","name":"Zavod Bufeto","url":"\/","logo":{"@type":"ImageObject","inLanguage":"en-GB","@id":"\/#\/schema\/logo\/image\/","url":"https:\/\/zavodbufeto.com\/wp-content\/uploads\/2021\/02\/cropped-zavod_bufeto_-_logo_c\u030crn_png.png","contentUrl":"https:\/\/zavodbufeto.com\/wp-content\/uploads\/2021\/02\/cropped-zavod_bufeto_-_logo_c\u030crn_png.png","width":512,"height":512,"caption":"Zavod Bufeto"},"image":{"@id":"\/#\/schema\/logo\/image\/"}}]}},"_links":{"self":[{"href":"https:\/\/zavodbufeto.com\/en\/wp-json\/wp\/v2\/pages\/17044","targetHints":{"allow":["GET"]}}],"collection":[{"href":"https:\/\/zavodbufeto.com\/en\/wp-json\/wp\/v2\/pages"}],"about":[{"href":"https:\/\/zavodbufeto.com\/en\/wp-json\/wp\/v2\/types\/page"}],"author":[{"embeddable":true,"href":"https:\/\/zavodbufeto.com\/en\/wp-json\/wp\/v2\/users\/17"}],"replies":[{"embeddable":true,"href":"https:\/\/zavodbufeto.com\/en\/wp-json\/wp\/v2\/comments?post=17044"}],"version-history":[{"count":1,"href":"https:\/\/zavodbufeto.com\/en\/wp-json\/wp\/v2\/pages\/17044\/revisions"}],"predecessor-version":[{"id":17051,"href":"https:\/\/zavodbufeto.com\/en\/wp-json\/wp\/v2\/pages\/17044\/revisions\/17051"}],"wp:attachment":[{"href":"https:\/\/zavodbufeto.com\/en\/wp-json\/wp\/v2\/media?parent=17044"}],"curies":[{"name":"wp","href":"https:\/\/api.w.org\/{rel}","templated":true}]}}