{"id":17052,"date":"2026-02-07T14:32:08","date_gmt":"2026-02-07T14:32:08","guid":{"rendered":"https:\/\/zavodbufeto.com\/?page_id=17052"},"modified":"2026-02-07T15:21:57","modified_gmt":"2026-02-07T15:21:57","slug":"giovanni-fusetti","status":"publish","type":"page","link":"https:\/\/zavodbufeto.com\/en\/giovanni-fusetti\/","title":{"rendered":"Giovanni-Fusetti"},"content":{"rendered":"<h1 class=\"wp-block-heading\">20 GIBALNIH SEKVENC JACQUESA LECOQA<\/h1>\n\n\n\n<p>OPIS DELAVNICE<\/p>\n\n\n\n<p>20 gibalnih sekvenc (20 Movements ali 20 M) je serija gibalnih stavkov, ki jih je zasnoval in u\u010dil Jacques Lecoq na svoji \u0161oli v Parizu, in ki slu\u017eijo kot vaje za igralce in performerje. Gre za sekvence, ki vsebujejo temeljne principe gibanja v gledali\u0161kem prostoru in ki se jih treba nau\u010diti in potem kontinuirano vaditi, izpopolnjevati in izvajati.<\/p>\n\n\n\n<p>Tako kot v borilnih ve\u0161\u010dinah ali kateri koli drugi umetni\u0161ki disciplini (glasba, ples, slikarstvo, kiparstvo, \u2026) tudi v 20 Lecoqovih sekvencah najdemo pojem \u00bbformalne vaje\u00ab, v kateri umetnik uporablja nekatere temeljne prvine te umetnosti. Podobno kot poznamo v glasbi \u00bbexercise de style\u00ab ali \u00bbdivertimento\u00ab, je vsaka od 20 sekvenc neke vrste etuda, s pomo\u010djo katere igralec vadi in raziskuje eno ali ve\u010d posebnih tehnik ali na\u010del gibanja.<\/p>\n\n\n\n<p>Tako kot lestvice za glasbenika, je 20 gibalnih sekvenc oblika vaje, za katero igralec ali performer nikoli ni preve\u010d dober, da bi jih opustil. Gre za trening, ki se lahko nadaljuje skozi celotno njegovo ali njeno kariero.<\/p>\n\n\n\n<p>Kot sekvence so Lecoqove gibalne sekvence v nekem smislu \u00bbnemogo\u010de\u00ab, saj se jih ne da izvesti brezhibno. Tako nas u\u010dijo poni\u017enosti redne vaje, in dela na sebi, saj jih lahko vedno znova vadimo in jim na poti pribli\u017eevanja \u201epopolnosti\u201c skozi \u010das dodajamo vedno ve\u010d podrobnosti.<\/p>\n\n\n\n<p>Vsaka izmed sekvenc slu\u017ei kot referen\u010dna to\u010dka, ki igralcu omogo\u010da razumevanje \u0161tevilnih izraznih variacij gibov, ki jih vsebuje.<\/p>\n\n\n\n<p>Vadijo se v stanju nevtralnosti. Telo igralca se tekom vaje nenehno opominja, naj ostane v stanju pred vznikom lika. Tako igral\u010deva osebnost izgine, kar vidimo, je sam Gib, zaradi \u010desar je delo na gibalnih sekvencah odli\u010den trening odrske nevtralnosti. To je Jacques Lecoq povzel v stavku \u00bbGlagol nima mnenja.\u00ab<\/p>\n\n\n\n<p>Nevtralnost tako slu\u017ei tudi kot osnova za oblikovanje likov oziroma karakterjev: \u010de glagol nima mnenja, ga lik ali karakter seveda ima, in prav odrska nevtralnost predstavlja podlago, na kateri se to \u00bbmnenje\u00ab lika lahko pojavi na poseben, oseben na\u010din, s katerim se loti dolo\u010dene akcije. Delo na Lecoqovih gibalnih sekvencah omogo\u010da izjemno natan\u010dno opazovanje tega procesa.<\/p>\n\n\n\n<p>Gibalne sekvence izvaja igralec sam, posameznika pa u\u010dijo prevzemanja skrbi za gledali\u0161ki prostor, \u010das in dejanje ter za urjenje lastnega poeti\u010dnega telesa.<\/p>\n\n\n\n<p>20 Lecoqovih gibalnih sekvenc igralce u\u010dijo in urijo:<\/p>\n\n\n\n<p>discipline, vztrajnosti, nujnosti vaje, soo\u010danja z lastnimi mejami in telesnimi avtomatizmi, iskanja nevtralnosti, predanosti prostoru, ti\u0161ini in gibanju, skromnosti delanja napak in poguma, da te napake popravi\u0161, sposobnosti ustvarjanja prostora in \u010dasa, opazovanja razlik med vsakodnevnimi gibi in transponiranim gledali\u0161kim gibanjem, opu\u0161\u010danja osebnih fizi\u010dnih tendenc in komentarjev, opu\u0161\u010danja mnenj o gibu, odkrivanja stanja \u00bbekonomi\u010dnega gibanja\u00ab, integracije povratnih informacij, prikaza razmerja med nevtralnostjo in zna\u010dajem ter med nevtralnim gibanjem in ekspresivno obravnavo \u2026 in \u2026<\/p>\n\n\n\n<p>O U\u010cITELJU<\/p>\n\n\n\n<p>Giovanni Fusetti je mednarodno priznan u\u010ditelj fizi\u010dnega gledali\u0161\u010da. Bil je Lecoqov u\u010denec in asistent. Po njegovi smrti je s Paolo Coletti ustanovil mednarodno gledali\u0161ko \u0161olo Kiklos v Padovi. Leta 2010 je odprl \u0161olo fizi\u010dnega gledali\u0161\u010da Helikos v Firencah, ki trenutno domuje v Padovi. Deluje v Evropi, ZDA, Avtraliji in Novi Zelandiji.<\/p>\n\n\n\n<p>Ve\u010d o Giovanniju si lahko preberete na: https:\/\/giovannifusetti.com\/giovanni-fusetti\/<\/p>\n\n\n\n<div class=\"wp-block-columns is-layout-flex wp-container-core-columns-is-layout-28f84493 wp-block-columns-is-layout-flex\">\n<div class=\"wp-block-column is-layout-flow wp-block-column-is-layout-flow\">\n<figure class=\"wp-block-image size-full\"><img loading=\"lazy\" decoding=\"async\" width=\"597\" height=\"582\" src=\"https:\/\/zavodbufeto.com\/wp-content\/uploads\/2026\/02\/Delavnica-20-gibov-1.jpg\" alt=\"\" class=\"wp-image-17064\" srcset=\"https:\/\/zavodbufeto.com\/wp-content\/uploads\/2026\/02\/Delavnica-20-gibov-1.jpg 597w, https:\/\/zavodbufeto.com\/wp-content\/uploads\/2026\/02\/Delavnica-20-gibov-1-300x292.jpg 300w, https:\/\/zavodbufeto.com\/wp-content\/uploads\/2026\/02\/Delavnica-20-gibov-1-12x12.jpg 12w, https:\/\/zavodbufeto.com\/wp-content\/uploads\/2026\/02\/Delavnica-20-gibov-1-580x565.jpg 580w, https:\/\/zavodbufeto.com\/wp-content\/uploads\/2026\/02\/Delavnica-20-gibov-1-320x312.jpg 320w, https:\/\/zavodbufeto.com\/wp-content\/uploads\/2026\/02\/Delavnica-20-gibov-1-480x468.jpg 480w\" sizes=\"auto, (max-width: 597px) 100vw, 597px\" \/><\/figure>\n<\/div>\n\n\n\n<div class=\"wp-block-column is-layout-flow wp-block-column-is-layout-flow\">\n<p>KOMU JE DELAVNICA NAMENJENA:<\/p>\n\n\n\n<p>Delavnica je namenjena igralcem in performerjem z osnovnim predznanjem na podro\u010dju fizi\u010dnega gledali\u0161\u010da in smeri, ki jo je v gledali\u0161\u010du razvijal Jacques Lecoq.<\/p>\n\n\n\n<p>LOKACIJA:<\/p>\n\n\n\n<p>Delavnica&nbsp; bo v Ljubljani . To\u010dna lokacija se bo najavila naknadno.<\/p>\n\n\n\n<p>URNIK:<\/p>\n\n\n\n<p>9.30-17.30<\/p>\n\n\n\n<p>Vmes bo eno-urni odmor za kosilo.<\/p>\n\n\n\n<p>JEZIK:<\/p>\n\n\n\n<p>Delavnica bo potekala v angle\u0161kem jeziku.<\/p>\n\n\n\n<p>PRIJAVE:<\/p>\n\n\n\n<p>Prijavnice ni.<\/p>\n\n\n\n<p>Za prijavo po\u0161ljite motivacijsko pismo po elektronski po\u0161ti.<\/p>\n\n\n\n<p>Prosimo, da v svoje pismo vklju\u010dite kratek \u017eivljenjepis in svoje izku\u0161nje z gledali\u0161\u010dem, zlasti z 20 gibalnimi sekvencami Jacquesa Lecoqa.<\/p>\n\n\n\n<p>Prijavo se po\u0161lje Alenki Marini\u010d na elektronski naslov alenka@globus-hystericus.org<\/p>\n\n\n\n<p>CENA DELAVNICE:<\/p>\n\n\n\n<p>Pandemija je povzro\u010dila veliko \u0161kode in turbulenc v \u017eivljenju ustvarjalcev \u017eivih umetnosti, zato \u0161olanje poteka na na\u010din drse\u010de lestvice. Z drse\u010do lestvico \u017eelimo priznati, da gre za te\u017eko obdobje. Obenem pa \u017eelimo pripoznati \u017eivljenjsko nujnost ukvarjanja z umetnostjo in ustvarjanja ter nujnost, da se pri tem podpiramo po svojih najbolj\u0161ih mo\u010deh.<\/p>\n\n\n\n<p>\u010ce se odlo\u010dite za pla\u010dilo na vi\u0161ji strani lestvice, s tem podprete tiste, ki so bili v pandemiji resneje finan\u010dno prizadeti, obenem pa podpirate tudi Giovannijevo delo in raziskovanje, ki poteka na \u0161oli Helikos.<\/p>\n\n\n\n<p>\u010ce izberete spodnji del lestvice, dovolite, da se podpora deli.<\/p>\n\n\n\n<p>V tej pandemiji smo skupaj in samo skupaj lahko skrbimo za razvoj umetnosti in ustvarjalnosti.<\/p>\n\n\n\n<p>Ob prijavi navedite znesek, ki ste ga izbrali za pla\u010dilo.<\/p>\n\n\n\n<p>Cena delavnice: 450 \u2013 600 EUR<\/p>\n\n\n\n<p>Predprijave (do 15.6.2022): 350 \u2013 500 EUR<\/p>\n\n\n\n<p>Polog: 200 EUR (pogoj za potrditev prijave, kotizacija se v primeru neudele\u017ebe ne vra\u010da)<\/p>\n\n\n\n<p>Rok prijave: 1.7.2022<\/p>\n\n\n\n<p>Upo\u0161tevajte, da se polog ne vra\u010da. Ko bo prijava sprejeta, bodo mesta na delavnici razporejena po vrstnem redu, v katerem je bila prijava prejeta. Preostanek zneska se poravna do za\u010detka delavnice, torej do 14.7.<\/p>\n\n\n\n<p>Delavnica bo potrjena takoj, ko se bo dosegelo \u0161tevilo 8ih udele\u017eencev. Ko bo potrjenih 16 udele\u017eencev, je delavnica polna. Udele\u017eenci, ki se bodo prijavili po tem, ko se dose\u017ee maksimalno \u0161tevilo udele\u017eencev, bodo uvr\u0161\u010deni na \u010dakalno listo.<\/p>\n\n\n\n<p>Nastanitev ni vklju\u010dena v ceno delavnice.<\/p>\n\n\n\n<p>\u010ce do 15.6. ne bo dose\u017eeno minimalno \u0161tevilo udele\u017eencev, bo delavnica odpovedana in vsa pla\u010dana \u0161olnina bo povrnjena.<\/p>\n\n\n\n<p>Delavnica bo potekala pod strogimi Covid pravili. Udele\u017eenci bodo morali prvi dan delavnici pokazati negativen COVID test, ki ni starej\u0161i od 48 ur, in potrdilo o cepljenosti ali prebolelosti.<\/p>\n\n\n\n<p>\u2014<\/p>\n<\/div>\n<\/div>\n\n\n\n<p><\/p>","protected":false},"excerpt":{"rendered":"<p>20 GIBALNIH SEKVENC JACQUESA LECOQA OPIS DELAVNICE 20 gibalnih sekvenc (20 Movements ali 20 M) je serija gibalnih stavkov, ki jih je zasnoval in u\u010dil Jacques Lecoq na svoji \u0161oli [&hellip;]<\/p>\n","protected":false},"author":17,"featured_media":0,"parent":0,"menu_order":0,"comment_status":"closed","ping_status":"closed","template":"","meta":{"_EventAllDay":false,"_EventTimezone":"","_EventStartDate":"","_EventEndDate":"","_EventStartDateUTC":"","_EventEndDateUTC":"","_EventShowMap":false,"_EventShowMapLink":false,"_EventURL":"","_EventCost":"","_EventCostDescription":"","_EventCurrencySymbol":"","_EventCurrencyCode":"","_EventCurrencyPosition":"","_EventDateTimeSeparator":"","_EventTimeRangeSeparator":"","_EventOrganizerID":[],"_EventVenueID":[],"_OrganizerEmail":"","_OrganizerPhone":"","_OrganizerWebsite":"","_VenueAddress":"","_VenueCity":"","_VenueCountry":"","_VenueProvince":"","_VenueState":"","_VenueZip":"","_VenuePhone":"","_VenueURL":"","_VenueStateProvince":"","_VenueLat":"","_VenueLng":"","_VenueShowMap":false,"_VenueShowMapLink":false,"footnotes":""},"class_list":["post-17052","page","type-page","status-publish","hentry"],"yoast_head":"<!-- This site is optimized with the Yoast SEO plugin v26.9 - https:\/\/yoast.com\/product\/yoast-seo-wordpress\/ -->\n<title>Giovanni-Fusetti - Zavod Bufeto<\/title>\n<meta name=\"robots\" content=\"index, follow, max-snippet:-1, max-image-preview:large, max-video-preview:-1\" \/>\n<link rel=\"canonical\" href=\"https:\/\/zavodbufeto.com\/en\/giovanni-fusetti\/\" \/>\n<meta property=\"og:locale\" content=\"en_GB\" \/>\n<meta property=\"og:type\" content=\"article\" \/>\n<meta property=\"og:title\" content=\"Giovanni-Fusetti - Zavod Bufeto\" \/>\n<meta property=\"og:description\" content=\"20 GIBALNIH SEKVENC JACQUESA LECOQA OPIS DELAVNICE 20 gibalnih sekvenc (20 Movements ali 20 M) je serija gibalnih stavkov, ki jih je zasnoval in u\u010dil Jacques Lecoq na svoji \u0161oli [&hellip;]\" \/>\n<meta property=\"og:url\" content=\"https:\/\/zavodbufeto.com\/en\/giovanni-fusetti\/\" \/>\n<meta property=\"og:site_name\" content=\"Zavod Bufeto\" \/>\n<meta property=\"article:modified_time\" content=\"2026-02-07T15:21:57+00:00\" \/>\n<meta property=\"og:image\" content=\"https:\/\/zavodbufeto.com\/wp-content\/uploads\/2026\/02\/Delavnica-20-gibov-1.jpg\" \/>\n<meta name=\"twitter:card\" content=\"summary_large_image\" \/>\n<meta name=\"twitter:label1\" content=\"Estimated reading time\" \/>\n\t<meta name=\"twitter:data1\" content=\"5 minutes\" \/>\n<script type=\"application\/ld+json\" class=\"yoast-schema-graph\">{\"@context\":\"https:\/\/schema.org\",\"@graph\":[{\"@type\":\"WebPage\",\"@id\":\"https:\/\/zavodbufeto.com\/giovanni-fusetti\/\",\"url\":\"https:\/\/zavodbufeto.com\/giovanni-fusetti\/\",\"name\":\"Giovanni-Fusetti - Zavod Bufeto\",\"isPartOf\":{\"@id\":\"\/#website\"},\"primaryImageOfPage\":{\"@id\":\"https:\/\/zavodbufeto.com\/giovanni-fusetti\/#primaryimage\"},\"image\":{\"@id\":\"https:\/\/zavodbufeto.com\/giovanni-fusetti\/#primaryimage\"},\"thumbnailUrl\":\"https:\/\/zavodbufeto.com\/wp-content\/uploads\/2026\/02\/Delavnica-20-gibov-1.jpg\",\"datePublished\":\"2026-02-07T14:32:08+00:00\",\"dateModified\":\"2026-02-07T15:21:57+00:00\",\"breadcrumb\":{\"@id\":\"https:\/\/zavodbufeto.com\/giovanni-fusetti\/#breadcrumb\"},\"inLanguage\":\"en-GB\",\"potentialAction\":[{\"@type\":\"ReadAction\",\"target\":[\"https:\/\/zavodbufeto.com\/giovanni-fusetti\/\"]}]},{\"@type\":\"ImageObject\",\"inLanguage\":\"en-GB\",\"@id\":\"https:\/\/zavodbufeto.com\/giovanni-fusetti\/#primaryimage\",\"url\":\"https:\/\/zavodbufeto.com\/wp-content\/uploads\/2026\/02\/Delavnica-20-gibov-1.jpg\",\"contentUrl\":\"https:\/\/zavodbufeto.com\/wp-content\/uploads\/2026\/02\/Delavnica-20-gibov-1.jpg\"},{\"@type\":\"BreadcrumbList\",\"@id\":\"https:\/\/zavodbufeto.com\/giovanni-fusetti\/#breadcrumb\",\"itemListElement\":[{\"@type\":\"ListItem\",\"position\":1,\"name\":\"Home\",\"item\":\"https:\/\/zavodbufeto.com\/\"},{\"@type\":\"ListItem\",\"position\":2,\"name\":\"Giovanni-Fusetti\"}]},{\"@type\":\"WebSite\",\"@id\":\"\/#website\",\"url\":\"\/\",\"name\":\"Zavod Bufeto\",\"description\":\"Zavod Bufeto\",\"publisher\":{\"@id\":\"\/#organization\"},\"potentialAction\":[{\"@type\":\"SearchAction\",\"target\":{\"@type\":\"EntryPoint\",\"urlTemplate\":\"\/?s={search_term_string}\"},\"query-input\":{\"@type\":\"PropertyValueSpecification\",\"valueRequired\":true,\"valueName\":\"search_term_string\"}}],\"inLanguage\":\"en-GB\"},{\"@type\":\"Organization\",\"@id\":\"\/#organization\",\"name\":\"Zavod Bufeto\",\"url\":\"\/\",\"logo\":{\"@type\":\"ImageObject\",\"inLanguage\":\"en-GB\",\"@id\":\"\/#\/schema\/logo\/image\/\",\"url\":\"https:\/\/zavodbufeto.com\/wp-content\/uploads\/2021\/02\/cropped-zavod_bufeto_-_logo_c\u030crn_png.png\",\"contentUrl\":\"https:\/\/zavodbufeto.com\/wp-content\/uploads\/2021\/02\/cropped-zavod_bufeto_-_logo_c\u030crn_png.png\",\"width\":512,\"height\":512,\"caption\":\"Zavod Bufeto\"},\"image\":{\"@id\":\"\/#\/schema\/logo\/image\/\"}}]}<\/script>\n<!-- \/ Yoast SEO plugin. -->","yoast_head_json":{"title":"Giovanni-Fusetti - Zavod Bufeto","robots":{"index":"index","follow":"follow","max-snippet":"max-snippet:-1","max-image-preview":"max-image-preview:large","max-video-preview":"max-video-preview:-1"},"canonical":"https:\/\/zavodbufeto.com\/en\/giovanni-fusetti\/","og_locale":"en_GB","og_type":"article","og_title":"Giovanni-Fusetti - Zavod Bufeto","og_description":"20 GIBALNIH SEKVENC JACQUESA LECOQA OPIS DELAVNICE 20 gibalnih sekvenc (20 Movements ali 20 M) je serija gibalnih stavkov, ki jih je zasnoval in u\u010dil Jacques Lecoq na svoji \u0161oli [&hellip;]","og_url":"https:\/\/zavodbufeto.com\/en\/giovanni-fusetti\/","og_site_name":"Zavod Bufeto","article_modified_time":"2026-02-07T15:21:57+00:00","og_image":[{"url":"https:\/\/zavodbufeto.com\/wp-content\/uploads\/2026\/02\/Delavnica-20-gibov-1.jpg","type":"","width":"","height":""}],"twitter_card":"summary_large_image","twitter_misc":{"Estimated reading time":"5 minutes"},"schema":{"@context":"https:\/\/schema.org","@graph":[{"@type":"WebPage","@id":"https:\/\/zavodbufeto.com\/giovanni-fusetti\/","url":"https:\/\/zavodbufeto.com\/giovanni-fusetti\/","name":"Giovanni-Fusetti - Zavod Bufeto","isPartOf":{"@id":"\/#website"},"primaryImageOfPage":{"@id":"https:\/\/zavodbufeto.com\/giovanni-fusetti\/#primaryimage"},"image":{"@id":"https:\/\/zavodbufeto.com\/giovanni-fusetti\/#primaryimage"},"thumbnailUrl":"https:\/\/zavodbufeto.com\/wp-content\/uploads\/2026\/02\/Delavnica-20-gibov-1.jpg","datePublished":"2026-02-07T14:32:08+00:00","dateModified":"2026-02-07T15:21:57+00:00","breadcrumb":{"@id":"https:\/\/zavodbufeto.com\/giovanni-fusetti\/#breadcrumb"},"inLanguage":"en-GB","potentialAction":[{"@type":"ReadAction","target":["https:\/\/zavodbufeto.com\/giovanni-fusetti\/"]}]},{"@type":"ImageObject","inLanguage":"en-GB","@id":"https:\/\/zavodbufeto.com\/giovanni-fusetti\/#primaryimage","url":"https:\/\/zavodbufeto.com\/wp-content\/uploads\/2026\/02\/Delavnica-20-gibov-1.jpg","contentUrl":"https:\/\/zavodbufeto.com\/wp-content\/uploads\/2026\/02\/Delavnica-20-gibov-1.jpg"},{"@type":"BreadcrumbList","@id":"https:\/\/zavodbufeto.com\/giovanni-fusetti\/#breadcrumb","itemListElement":[{"@type":"ListItem","position":1,"name":"Home","item":"https:\/\/zavodbufeto.com\/"},{"@type":"ListItem","position":2,"name":"Giovanni-Fusetti"}]},{"@type":"WebSite","@id":"\/#website","url":"\/","name":"Zavod Bufeto","description":"Zavod Bufeto","publisher":{"@id":"\/#organization"},"potentialAction":[{"@type":"SearchAction","target":{"@type":"EntryPoint","urlTemplate":"\/?s={search_term_string}"},"query-input":{"@type":"PropertyValueSpecification","valueRequired":true,"valueName":"search_term_string"}}],"inLanguage":"en-GB"},{"@type":"Organization","@id":"\/#organization","name":"Zavod Bufeto","url":"\/","logo":{"@type":"ImageObject","inLanguage":"en-GB","@id":"\/#\/schema\/logo\/image\/","url":"https:\/\/zavodbufeto.com\/wp-content\/uploads\/2021\/02\/cropped-zavod_bufeto_-_logo_c\u030crn_png.png","contentUrl":"https:\/\/zavodbufeto.com\/wp-content\/uploads\/2021\/02\/cropped-zavod_bufeto_-_logo_c\u030crn_png.png","width":512,"height":512,"caption":"Zavod Bufeto"},"image":{"@id":"\/#\/schema\/logo\/image\/"}}]}},"_links":{"self":[{"href":"https:\/\/zavodbufeto.com\/en\/wp-json\/wp\/v2\/pages\/17052","targetHints":{"allow":["GET"]}}],"collection":[{"href":"https:\/\/zavodbufeto.com\/en\/wp-json\/wp\/v2\/pages"}],"about":[{"href":"https:\/\/zavodbufeto.com\/en\/wp-json\/wp\/v2\/types\/page"}],"author":[{"embeddable":true,"href":"https:\/\/zavodbufeto.com\/en\/wp-json\/wp\/v2\/users\/17"}],"replies":[{"embeddable":true,"href":"https:\/\/zavodbufeto.com\/en\/wp-json\/wp\/v2\/comments?post=17052"}],"version-history":[{"count":2,"href":"https:\/\/zavodbufeto.com\/en\/wp-json\/wp\/v2\/pages\/17052\/revisions"}],"predecessor-version":[{"id":17066,"href":"https:\/\/zavodbufeto.com\/en\/wp-json\/wp\/v2\/pages\/17052\/revisions\/17066"}],"wp:attachment":[{"href":"https:\/\/zavodbufeto.com\/en\/wp-json\/wp\/v2\/media?parent=17052"}],"curies":[{"name":"wp","href":"https:\/\/api.w.org\/{rel}","templated":true}]}}