{"id":17062,"date":"2026-02-07T15:14:11","date_gmt":"2026-02-07T15:14:11","guid":{"rendered":"https:\/\/zavodbufeto.com\/?page_id=17062"},"modified":"2026-03-27T10:15:09","modified_gmt":"2026-03-27T10:15:09","slug":"laboratorij","status":"publish","type":"page","link":"https:\/\/zavodbufeto.com\/en\/laboratorij\/","title":{"rendered":"Laboratory"},"content":{"rendered":"<h1 class=\"wp-block-heading\">Laboratory<\/h1>\n\n\n\n<p>Laboratory Bufeto is an educational program aimed at professional and amateur creators of all generations, with a particular focus on young, emerging artists, who are given the opportunity to develop their skills, create, and present their own work.\nIt is a creative-educational platform that operates through weekly workshops (typically held few times per year), as well as regular weekly sessions throughout the year under the guidance of experienced mentor and director Ravil Sultanov. The program is developed in collaboration with established local and international mentors in the fields of contemporary circus, physical theatre, puppet theatre, and clowning techniques.<\/p>\n\n\n\n<div class=\"wp-block-columns is-layout-flex wp-container-core-columns-is-layout-28f84493 wp-block-columns-is-layout-flex\">\n<div class=\"wp-block-column is-layout-flow wp-block-column-is-layout-flow\">\n<h2 class=\"wp-block-heading\">ORGANIC JUGGLING MEETS DANCE<\/h2>\n\n\n\n<h5 class=\"wp-block-heading\">Three days of dance and juggling with Stefan Sing and Cristiana Casadio<\/h5>\n\n\n\n<h5 class=\"wp-block-heading\">10. 6. \u2013 12. 6. 2026, Ljubljana<\/h5>\n\n\n\n<p>This workshop will explore the intrinsic connection between throwing objects and body movement, combining the Organic Juggling techniques of Stefan Sing with the choreographic and rhythmic qualities of contemporary dance, taught by Cristiana Casadio.<\/p>\n\n\n\n<div class=\"wp-block-buttons is-layout-flex wp-block-buttons-is-layout-flex\">\n<div class=\"wp-block-button\"><a class=\"wp-block-button__link wp-element-button\" href=\"https:\/\/zavodbufeto.com\/en\/https:\/\/zavodbufeto.com\/sing-casadio-workshop\/\">Read more<\/a><\/div>\n<\/div>\n<\/div>\n\n\n\n<div class=\"wp-block-column is-layout-flow wp-block-column-is-layout-flow\">\n<figure class=\"wp-block-image size-large\"><img loading=\"lazy\" decoding=\"async\" width=\"1024\" height=\"682\" src=\"https:\/\/zavodbufeto.com\/wp-content\/uploads\/2026\/03\/Stefan-Sing-Tangram-web@Erich-Malter-1024x682.jpg\" alt=\"\" class=\"wp-image-17392\" srcset=\"https:\/\/zavodbufeto.com\/wp-content\/uploads\/2026\/03\/Stefan-Sing-Tangram-web@Erich-Malter-1024x682.jpg 1024w, https:\/\/zavodbufeto.com\/wp-content\/uploads\/2026\/03\/Stefan-Sing-Tangram-web@Erich-Malter-300x200.jpg 300w, https:\/\/zavodbufeto.com\/wp-content\/uploads\/2026\/03\/Stefan-Sing-Tangram-web@Erich-Malter-768x512.jpg 768w, https:\/\/zavodbufeto.com\/wp-content\/uploads\/2026\/03\/Stefan-Sing-Tangram-web@Erich-Malter-18x12.jpg 18w, https:\/\/zavodbufeto.com\/wp-content\/uploads\/2026\/03\/Stefan-Sing-Tangram-web@Erich-Malter-320x213.jpg 320w, https:\/\/zavodbufeto.com\/wp-content\/uploads\/2026\/03\/Stefan-Sing-Tangram-web@Erich-Malter-480x320.jpg 480w, https:\/\/zavodbufeto.com\/wp-content\/uploads\/2026\/03\/Stefan-Sing-Tangram-web@Erich-Malter-800x533.jpg 800w, https:\/\/zavodbufeto.com\/wp-content\/uploads\/2026\/03\/Stefan-Sing-Tangram-web@Erich-Malter.jpg 1400w\" sizes=\"auto, (max-width: 1024px) 100vw, 1024px\" \/><\/figure>\n<\/div>\n<\/div>\n\n\n\n<div class=\"wp-block-columns is-layout-flex wp-container-core-columns-is-layout-28f84493 wp-block-columns-is-layout-flex\">\n<div class=\"wp-block-column is-layout-flow wp-block-column-is-layout-flow\">\n<figure class=\"wp-block-image size-full\"><img loading=\"lazy\" decoding=\"async\" width=\"2560\" height=\"1707\" src=\"https:\/\/zavodbufeto.com\/wp-content\/uploads\/2026\/02\/globus-delavnica-small-scaled-1.jpg\" alt=\"\" class=\"wp-image-17187\" srcset=\"https:\/\/zavodbufeto.com\/wp-content\/uploads\/2026\/02\/globus-delavnica-small-scaled-1.jpg 2560w, https:\/\/zavodbufeto.com\/wp-content\/uploads\/2026\/02\/globus-delavnica-small-scaled-1-300x200.jpg 300w, https:\/\/zavodbufeto.com\/wp-content\/uploads\/2026\/02\/globus-delavnica-small-scaled-1-1024x683.jpg 1024w, https:\/\/zavodbufeto.com\/wp-content\/uploads\/2026\/02\/globus-delavnica-small-scaled-1-768x512.jpg 768w, https:\/\/zavodbufeto.com\/wp-content\/uploads\/2026\/02\/globus-delavnica-small-scaled-1-1536x1024.jpg 1536w, https:\/\/zavodbufeto.com\/wp-content\/uploads\/2026\/02\/globus-delavnica-small-scaled-1-2048x1366.jpg 2048w, https:\/\/zavodbufeto.com\/wp-content\/uploads\/2026\/02\/globus-delavnica-small-scaled-1-18x12.jpg 18w, https:\/\/zavodbufeto.com\/wp-content\/uploads\/2026\/02\/globus-delavnica-small-scaled-1-580x387.jpg 580w, https:\/\/zavodbufeto.com\/wp-content\/uploads\/2026\/02\/globus-delavnica-small-scaled-1-860x573.jpg 860w, https:\/\/zavodbufeto.com\/wp-content\/uploads\/2026\/02\/globus-delavnica-small-scaled-1-1160x773.jpg 1160w, https:\/\/zavodbufeto.com\/wp-content\/uploads\/2026\/02\/globus-delavnica-small-scaled-1-320x213.jpg 320w, https:\/\/zavodbufeto.com\/wp-content\/uploads\/2026\/02\/globus-delavnica-small-scaled-1-480x320.jpg 480w, https:\/\/zavodbufeto.com\/wp-content\/uploads\/2026\/02\/globus-delavnica-small-scaled-1-800x533.jpg 800w\" sizes=\"auto, (max-width: 2560px) 100vw, 2560px\" \/><\/figure>\n<\/div>\n\n\n\n<div class=\"wp-block-column is-layout-flow wp-block-column-is-layout-flow\">\n<h2 class=\"wp-block-heading\">INTENZIVNA KLOVNOVSKA DELAVNICA<\/h2>\n\n\n\n<h5 class=\"wp-block-heading\">Delavnica s \u010dlani dru\u0161tva Globus Hystericus<\/h5>\n\n\n\n<h5 class=\"wp-block-heading\">10. 11. \u2013 12. 11. 2023, Ljubljana<\/h5>\n\n\n\n<p>Kot obstaja veliko mnenj o tem kaj klovn kot gledali\u0161ki \u017eanr je, obstaja tudi veliko pristopov do klovnovstva kot gledali\u0161ke prakse. Na delavnici bomo izhajali iz metode, ki jo je razvil (in \u0161e vedno razvija) italijanski pedagog Giovanni Fusetti.<\/p>\n\n\n\n<div class=\"wp-block-buttons is-layout-flex wp-block-buttons-is-layout-flex\">\n<div class=\"wp-block-button\"><a class=\"wp-block-button__link wp-element-button\" href=\"https:\/\/zavodbufeto.com\/en\/predstave\/globus-hystericus\/\">Read more<\/a><\/div>\n<\/div>\n<\/div>\n<\/div>\n\n\n\n<div class=\"wp-block-columns is-layout-flex wp-container-core-columns-is-layout-28f84493 wp-block-columns-is-layout-flex\">\n<div class=\"wp-block-column is-layout-flow wp-block-column-is-layout-flow\">\n<h2 class=\"wp-block-heading\">RE\u017dIJA IGRE<\/h2>\n\n\n\n<h5 class=\"wp-block-heading\">Delavnica klovnade s Fraser Hooperjem<\/h5>\n\n\n\n<h5 class=\"wp-block-heading\">21. 6. \u2013 23. 6., Pionirski dom- Art center, Komenskega 9, Ljubljana<\/h5>\n\n\n\n<p>Delavnica \u2013 potekala bo v angle\u0161\u010dini \u2013 je namenjena vsem z izku\u0161njami na podro\u010dju performativnih umetnosti (gledali\u0161\u010de, uli\u010dno gledali\u0161\u010de, klovnada, ples, cirkus itd.), ki jih zanima razvoj ali nadgradnja klovnade ali komi\u010dnega gledali\u0161\u010da.<\/p>\n\n\n\n<div class=\"wp-block-buttons is-layout-flex wp-block-buttons-is-layout-flex\">\n<div class=\"wp-block-button\"><a class=\"wp-block-button__link wp-element-button\" href=\"https:\/\/zavodbufeto.com\/en\/predstave\/fraser-hooper\/\">Read more<\/a><\/div>\n<\/div>\n<\/div>\n\n\n\n<div class=\"wp-block-column is-layout-flow wp-block-column-is-layout-flow\">\n<figure class=\"wp-block-image size-large\"><img loading=\"lazy\" decoding=\"async\" width=\"1024\" height=\"681\" src=\"https:\/\/zavodbufeto.com\/wp-content\/uploads\/2026\/02\/4.-Best-clowns-in-a-row-1-scaled-1-1024x681.jpg\" alt=\"\" class=\"wp-image-17184\" srcset=\"https:\/\/zavodbufeto.com\/wp-content\/uploads\/2026\/02\/4.-Best-clowns-in-a-row-1-scaled-1-1024x681.jpg 1024w, https:\/\/zavodbufeto.com\/wp-content\/uploads\/2026\/02\/4.-Best-clowns-in-a-row-1-scaled-1-300x199.jpg 300w, https:\/\/zavodbufeto.com\/wp-content\/uploads\/2026\/02\/4.-Best-clowns-in-a-row-1-scaled-1-768x511.jpg 768w, https:\/\/zavodbufeto.com\/wp-content\/uploads\/2026\/02\/4.-Best-clowns-in-a-row-1-scaled-1-1536x1021.jpg 1536w, https:\/\/zavodbufeto.com\/wp-content\/uploads\/2026\/02\/4.-Best-clowns-in-a-row-1-scaled-1-2048x1362.jpg 2048w, https:\/\/zavodbufeto.com\/wp-content\/uploads\/2026\/02\/4.-Best-clowns-in-a-row-1-scaled-1-18x12.jpg 18w, https:\/\/zavodbufeto.com\/wp-content\/uploads\/2026\/02\/4.-Best-clowns-in-a-row-1-scaled-1-580x386.jpg 580w, https:\/\/zavodbufeto.com\/wp-content\/uploads\/2026\/02\/4.-Best-clowns-in-a-row-1-scaled-1-860x572.jpg 860w, https:\/\/zavodbufeto.com\/wp-content\/uploads\/2026\/02\/4.-Best-clowns-in-a-row-1-scaled-1-1160x771.jpg 1160w, https:\/\/zavodbufeto.com\/wp-content\/uploads\/2026\/02\/4.-Best-clowns-in-a-row-1-scaled-1-320x213.jpg 320w, https:\/\/zavodbufeto.com\/wp-content\/uploads\/2026\/02\/4.-Best-clowns-in-a-row-1-scaled-1-480x319.jpg 480w, https:\/\/zavodbufeto.com\/wp-content\/uploads\/2026\/02\/4.-Best-clowns-in-a-row-1-scaled-1-800x532.jpg 800w\" sizes=\"auto, (max-width: 1024px) 100vw, 1024px\" \/><\/figure>\n<\/div>\n<\/div>\n\n\n\n<div class=\"wp-block-columns is-layout-flex wp-container-core-columns-is-layout-28f84493 wp-block-columns-is-layout-flex\">\n<div class=\"wp-block-column is-layout-flow wp-block-column-is-layout-flow\">\n<figure class=\"wp-block-image size-large\"><img loading=\"lazy\" decoding=\"async\" width=\"1024\" height=\"640\" src=\"https:\/\/zavodbufeto.com\/wp-content\/uploads\/2026\/02\/Foto_Adrian-Schvarzstein-workshop1-1-1024x640.jpg\" alt=\"\" class=\"wp-image-17185\" srcset=\"https:\/\/zavodbufeto.com\/wp-content\/uploads\/2026\/02\/Foto_Adrian-Schvarzstein-workshop1-1-1024x640.jpg 1024w, https:\/\/zavodbufeto.com\/wp-content\/uploads\/2026\/02\/Foto_Adrian-Schvarzstein-workshop1-1-300x188.jpg 300w, https:\/\/zavodbufeto.com\/wp-content\/uploads\/2026\/02\/Foto_Adrian-Schvarzstein-workshop1-1-768x480.jpg 768w, https:\/\/zavodbufeto.com\/wp-content\/uploads\/2026\/02\/Foto_Adrian-Schvarzstein-workshop1-1-1536x960.jpg 1536w, https:\/\/zavodbufeto.com\/wp-content\/uploads\/2026\/02\/Foto_Adrian-Schvarzstein-workshop1-1-18x12.jpg 18w, https:\/\/zavodbufeto.com\/wp-content\/uploads\/2026\/02\/Foto_Adrian-Schvarzstein-workshop1-1-580x363.jpg 580w, https:\/\/zavodbufeto.com\/wp-content\/uploads\/2026\/02\/Foto_Adrian-Schvarzstein-workshop1-1-860x538.jpg 860w, https:\/\/zavodbufeto.com\/wp-content\/uploads\/2026\/02\/Foto_Adrian-Schvarzstein-workshop1-1-1160x725.jpg 1160w, https:\/\/zavodbufeto.com\/wp-content\/uploads\/2026\/02\/Foto_Adrian-Schvarzstein-workshop1-1-320x200.jpg 320w, https:\/\/zavodbufeto.com\/wp-content\/uploads\/2026\/02\/Foto_Adrian-Schvarzstein-workshop1-1-480x300.jpg 480w, https:\/\/zavodbufeto.com\/wp-content\/uploads\/2026\/02\/Foto_Adrian-Schvarzstein-workshop1-1-800x500.jpg 800w, https:\/\/zavodbufeto.com\/wp-content\/uploads\/2026\/02\/Foto_Adrian-Schvarzstein-workshop1-1.jpg 1750w\" sizes=\"auto, (max-width: 1024px) 100vw, 1024px\" \/><\/figure>\n<\/div>\n\n\n\n<div class=\"wp-block-column is-layout-flow wp-block-column-is-layout-flow\">\n<h2 class=\"wp-block-heading\">IGRALEC \u2013 GLEDALEC \u2013 JAVNI PROSTOR<\/h2>\n\n\n\n<h5 class=\"wp-block-heading\">Delavnica z Adrianom Schvarzsteinom<\/h5>\n\n\n\n<h5 class=\"wp-block-heading\">24. 4. \u2013 29. 4., Ljubljana<\/h5>\n\n\n\n<p>Delavnica \u2013 potekala bo v angle\u0161\u010dini \u2013 je namenjena vsem z izku\u0161njami na podro\u010dju performativnih umetnosti (gledali\u0161\u010de, uli\u010dno gledali\u0161\u010de, klovnada, ples, cirkus itd.), ki jih zanima eksperimentiranje na podro\u010dju uli\u010dnega gledali\u0161\u010da.<\/p>\n\n\n\n<div class=\"wp-block-buttons is-layout-flex wp-block-buttons-is-layout-flex\">\n<div class=\"wp-block-button\"><a class=\"wp-block-button__link wp-element-button\" href=\"https:\/\/zavodbufeto.com\/en\/predstave\/delavnica-adrian-schvarzstein\/\">preberi ve\u010d<\/a><\/div>\n<\/div>\n<\/div>\n<\/div>\n\n\n\n<div class=\"wp-block-columns is-layout-flex wp-container-core-columns-is-layout-28f84493 wp-block-columns-is-layout-flex\">\n<div class=\"wp-block-column is-layout-flow wp-block-column-is-layout-flow\">\n<h2 class=\"wp-block-heading\">20 GIBALNIH SEKVENC JACQUESA LECOQA<\/h2>\n\n\n\n<h5 class=\"wp-block-heading\">Delavnica z Giovannijem Fusettijem<\/h5>\n\n\n\n<h5 class=\"wp-block-heading\">14. \u2013 17. julij 2022, Ljubljana<\/h5>\n\n\n\n<p>20 gibalnih sekvenc (20 Movements ali 20 M) je serija gibalnih stavkov, ki jih je zasnoval in u\u010dil Jacques Lecoq na svoji \u0161oli v Parizu, in ki slu\u017eijo kot vaje za igralce in performerje. Gre za sekvence, ki vsebujejo temeljne principe gibanja v gledali\u0161kem prostoru in ki se jih treba nau\u010diti in potem kontinuirano vaditi, izpopolnjevati in izvajati.<\/p>\n\n\n\n<p>Organizacija:&nbsp; Zavod Bufeto in&nbsp;<a href=\"https:\/\/www.globus-hystericus.org\/\">Globus Hystericus<\/a><\/p>\n\n\n\n<div class=\"wp-block-buttons is-layout-flex wp-block-buttons-is-layout-flex\">\n<div class=\"wp-block-button\"><a class=\"wp-block-button__link wp-element-button\" href=\"https:\/\/zavodbufeto.com\/en\/predstave\/giovanni-fusetti\/\">preberi ve\u010d<\/a><\/div>\n<\/div>\n<\/div>\n\n\n\n<div class=\"wp-block-column is-layout-flow wp-block-column-is-layout-flow\">\n<figure class=\"wp-block-image size-full\"><img loading=\"lazy\" decoding=\"async\" width=\"597\" height=\"582\" src=\"https:\/\/zavodbufeto.com\/wp-content\/uploads\/2026\/02\/Delavnica-20-gibov-1.jpg\" alt=\"\" class=\"wp-image-17064\" srcset=\"https:\/\/zavodbufeto.com\/wp-content\/uploads\/2026\/02\/Delavnica-20-gibov-1.jpg 597w, https:\/\/zavodbufeto.com\/wp-content\/uploads\/2026\/02\/Delavnica-20-gibov-1-300x292.jpg 300w, https:\/\/zavodbufeto.com\/wp-content\/uploads\/2026\/02\/Delavnica-20-gibov-1-12x12.jpg 12w, https:\/\/zavodbufeto.com\/wp-content\/uploads\/2026\/02\/Delavnica-20-gibov-1-580x565.jpg 580w, https:\/\/zavodbufeto.com\/wp-content\/uploads\/2026\/02\/Delavnica-20-gibov-1-320x312.jpg 320w, https:\/\/zavodbufeto.com\/wp-content\/uploads\/2026\/02\/Delavnica-20-gibov-1-480x468.jpg 480w\" sizes=\"auto, (max-width: 597px) 100vw, 597px\" \/><\/figure>\n<\/div>\n<\/div>\n\n\n\n<p><\/p>","protected":false},"excerpt":{"rendered":"<p>Laboratorij Laboratorij Bufeto je izobra\u017eevalni program, namenjen profesionalnim in ljubiteljskim ustvarjalcem vseh generacij s poudarkom na mladih, \u0161e ne uveljavljenih avtorjih, ki dobijo na ta na\u010din prilo\u017enost za izobra\u017eevanje, ustvarjanje [&hellip;]<\/p>\n","protected":false},"author":17,"featured_media":15357,"parent":0,"menu_order":0,"comment_status":"closed","ping_status":"closed","template":"","meta":{"_EventAllDay":false,"_EventTimezone":"","_EventStartDate":"","_EventEndDate":"","_EventStartDateUTC":"","_EventEndDateUTC":"","_EventShowMap":false,"_EventShowMapLink":false,"_EventURL":"","_EventCost":"","_EventCostDescription":"","_EventCurrencySymbol":"","_EventCurrencyCode":"","_EventCurrencyPosition":"","_EventDateTimeSeparator":"","_EventTimeRangeSeparator":"","_EventOrganizerID":[],"_EventVenueID":[],"_OrganizerEmail":"","_OrganizerPhone":"","_OrganizerWebsite":"","_VenueAddress":"","_VenueCity":"","_VenueCountry":"","_VenueProvince":"","_VenueState":"","_VenueZip":"","_VenuePhone":"","_VenueURL":"","_VenueStateProvince":"","_VenueLat":"","_VenueLng":"","_VenueShowMap":false,"_VenueShowMapLink":false,"footnotes":""},"class_list":["post-17062","page","type-page","status-publish","has-post-thumbnail","hentry"],"yoast_head":"<!-- This site is optimized with the Yoast SEO plugin v26.9 - https:\/\/yoast.com\/product\/yoast-seo-wordpress\/ -->\n<title>Laboratorij - Zavod Bufeto<\/title>\n<meta name=\"robots\" content=\"index, follow, max-snippet:-1, max-image-preview:large, max-video-preview:-1\" \/>\n<link rel=\"canonical\" href=\"https:\/\/zavodbufeto.com\/en\/laboratorij\/\" \/>\n<meta property=\"og:locale\" content=\"en_GB\" \/>\n<meta property=\"og:type\" content=\"article\" \/>\n<meta property=\"og:title\" content=\"Laboratorij - Zavod Bufeto\" \/>\n<meta property=\"og:description\" content=\"Laboratorij Laboratorij Bufeto je izobra\u017eevalni program, namenjen profesionalnim in ljubiteljskim ustvarjalcem vseh generacij s poudarkom na mladih, \u0161e ne uveljavljenih avtorjih, ki dobijo na ta na\u010din prilo\u017enost za izobra\u017eevanje, ustvarjanje [&hellip;]\" \/>\n<meta property=\"og:url\" content=\"https:\/\/zavodbufeto.com\/en\/laboratorij\/\" \/>\n<meta property=\"og:site_name\" content=\"Zavod Bufeto\" \/>\n<meta property=\"article:modified_time\" content=\"2026-03-27T10:15:09+00:00\" \/>\n<meta property=\"og:image\" content=\"https:\/\/zavodbufeto.com\/wp-content\/uploads\/2020\/07\/3-1-1-scaled.jpg\" \/>\n\t<meta property=\"og:image:width\" content=\"2560\" \/>\n\t<meta property=\"og:image:height\" content=\"1172\" \/>\n\t<meta property=\"og:image:type\" content=\"image\/jpeg\" \/>\n<meta name=\"twitter:card\" content=\"summary_large_image\" \/>\n<meta name=\"twitter:label1\" content=\"Estimated reading time\" \/>\n\t<meta name=\"twitter:data1\" content=\"4 minutes\" \/>\n<script type=\"application\/ld+json\" class=\"yoast-schema-graph\">{\"@context\":\"https:\/\/schema.org\",\"@graph\":[{\"@type\":\"WebPage\",\"@id\":\"https:\/\/zavodbufeto.com\/laboratorij\/\",\"url\":\"https:\/\/zavodbufeto.com\/laboratorij\/\",\"name\":\"Laboratorij - Zavod Bufeto\",\"isPartOf\":{\"@id\":\"\/#website\"},\"primaryImageOfPage\":{\"@id\":\"https:\/\/zavodbufeto.com\/laboratorij\/#primaryimage\"},\"image\":{\"@id\":\"https:\/\/zavodbufeto.com\/laboratorij\/#primaryimage\"},\"thumbnailUrl\":\"https:\/\/zavodbufeto.com\/wp-content\/uploads\/2020\/07\/3-1-1-scaled.jpg\",\"datePublished\":\"2026-02-07T15:14:11+00:00\",\"dateModified\":\"2026-03-27T10:15:09+00:00\",\"breadcrumb\":{\"@id\":\"https:\/\/zavodbufeto.com\/laboratorij\/#breadcrumb\"},\"inLanguage\":\"en-GB\",\"potentialAction\":[{\"@type\":\"ReadAction\",\"target\":[\"https:\/\/zavodbufeto.com\/laboratorij\/\"]}]},{\"@type\":\"ImageObject\",\"inLanguage\":\"en-GB\",\"@id\":\"https:\/\/zavodbufeto.com\/laboratorij\/#primaryimage\",\"url\":\"https:\/\/zavodbufeto.com\/wp-content\/uploads\/2020\/07\/3-1-1-scaled.jpg\",\"contentUrl\":\"https:\/\/zavodbufeto.com\/wp-content\/uploads\/2020\/07\/3-1-1-scaled.jpg\",\"width\":2560,\"height\":1172},{\"@type\":\"BreadcrumbList\",\"@id\":\"https:\/\/zavodbufeto.com\/laboratorij\/#breadcrumb\",\"itemListElement\":[{\"@type\":\"ListItem\",\"position\":1,\"name\":\"Home\",\"item\":\"https:\/\/zavodbufeto.com\/\"},{\"@type\":\"ListItem\",\"position\":2,\"name\":\"Laboratorij\"}]},{\"@type\":\"WebSite\",\"@id\":\"\/#website\",\"url\":\"\/\",\"name\":\"Zavod Bufeto\",\"description\":\"Zavod Bufeto\",\"publisher\":{\"@id\":\"\/#organization\"},\"potentialAction\":[{\"@type\":\"SearchAction\",\"target\":{\"@type\":\"EntryPoint\",\"urlTemplate\":\"\/?s={search_term_string}\"},\"query-input\":{\"@type\":\"PropertyValueSpecification\",\"valueRequired\":true,\"valueName\":\"search_term_string\"}}],\"inLanguage\":\"en-GB\"},{\"@type\":\"Organization\",\"@id\":\"\/#organization\",\"name\":\"Zavod Bufeto\",\"url\":\"\/\",\"logo\":{\"@type\":\"ImageObject\",\"inLanguage\":\"en-GB\",\"@id\":\"\/#\/schema\/logo\/image\/\",\"url\":\"https:\/\/zavodbufeto.com\/wp-content\/uploads\/2021\/02\/cropped-zavod_bufeto_-_logo_c\u030crn_png.png\",\"contentUrl\":\"https:\/\/zavodbufeto.com\/wp-content\/uploads\/2021\/02\/cropped-zavod_bufeto_-_logo_c\u030crn_png.png\",\"width\":512,\"height\":512,\"caption\":\"Zavod Bufeto\"},\"image\":{\"@id\":\"\/#\/schema\/logo\/image\/\"}}]}<\/script>\n<!-- \/ Yoast SEO plugin. -->","yoast_head_json":{"title":"Laboratorij - Zavod Bufeto","robots":{"index":"index","follow":"follow","max-snippet":"max-snippet:-1","max-image-preview":"max-image-preview:large","max-video-preview":"max-video-preview:-1"},"canonical":"https:\/\/zavodbufeto.com\/en\/laboratorij\/","og_locale":"en_GB","og_type":"article","og_title":"Laboratorij - Zavod Bufeto","og_description":"Laboratorij Laboratorij Bufeto je izobra\u017eevalni program, namenjen profesionalnim in ljubiteljskim ustvarjalcem vseh generacij s poudarkom na mladih, \u0161e ne uveljavljenih avtorjih, ki dobijo na ta na\u010din prilo\u017enost za izobra\u017eevanje, ustvarjanje [&hellip;]","og_url":"https:\/\/zavodbufeto.com\/en\/laboratorij\/","og_site_name":"Zavod Bufeto","article_modified_time":"2026-03-27T10:15:09+00:00","og_image":[{"width":2560,"height":1172,"url":"https:\/\/zavodbufeto.com\/wp-content\/uploads\/2020\/07\/3-1-1-scaled.jpg","type":"image\/jpeg"}],"twitter_card":"summary_large_image","twitter_misc":{"Estimated reading time":"4 minutes"},"schema":{"@context":"https:\/\/schema.org","@graph":[{"@type":"WebPage","@id":"https:\/\/zavodbufeto.com\/laboratorij\/","url":"https:\/\/zavodbufeto.com\/laboratorij\/","name":"Laboratorij - Zavod Bufeto","isPartOf":{"@id":"\/#website"},"primaryImageOfPage":{"@id":"https:\/\/zavodbufeto.com\/laboratorij\/#primaryimage"},"image":{"@id":"https:\/\/zavodbufeto.com\/laboratorij\/#primaryimage"},"thumbnailUrl":"https:\/\/zavodbufeto.com\/wp-content\/uploads\/2020\/07\/3-1-1-scaled.jpg","datePublished":"2026-02-07T15:14:11+00:00","dateModified":"2026-03-27T10:15:09+00:00","breadcrumb":{"@id":"https:\/\/zavodbufeto.com\/laboratorij\/#breadcrumb"},"inLanguage":"en-GB","potentialAction":[{"@type":"ReadAction","target":["https:\/\/zavodbufeto.com\/laboratorij\/"]}]},{"@type":"ImageObject","inLanguage":"en-GB","@id":"https:\/\/zavodbufeto.com\/laboratorij\/#primaryimage","url":"https:\/\/zavodbufeto.com\/wp-content\/uploads\/2020\/07\/3-1-1-scaled.jpg","contentUrl":"https:\/\/zavodbufeto.com\/wp-content\/uploads\/2020\/07\/3-1-1-scaled.jpg","width":2560,"height":1172},{"@type":"BreadcrumbList","@id":"https:\/\/zavodbufeto.com\/laboratorij\/#breadcrumb","itemListElement":[{"@type":"ListItem","position":1,"name":"Home","item":"https:\/\/zavodbufeto.com\/"},{"@type":"ListItem","position":2,"name":"Laboratorij"}]},{"@type":"WebSite","@id":"\/#website","url":"\/","name":"Zavod Bufeto","description":"Zavod Bufeto","publisher":{"@id":"\/#organization"},"potentialAction":[{"@type":"SearchAction","target":{"@type":"EntryPoint","urlTemplate":"\/?s={search_term_string}"},"query-input":{"@type":"PropertyValueSpecification","valueRequired":true,"valueName":"search_term_string"}}],"inLanguage":"en-GB"},{"@type":"Organization","@id":"\/#organization","name":"Zavod Bufeto","url":"\/","logo":{"@type":"ImageObject","inLanguage":"en-GB","@id":"\/#\/schema\/logo\/image\/","url":"https:\/\/zavodbufeto.com\/wp-content\/uploads\/2021\/02\/cropped-zavod_bufeto_-_logo_c\u030crn_png.png","contentUrl":"https:\/\/zavodbufeto.com\/wp-content\/uploads\/2021\/02\/cropped-zavod_bufeto_-_logo_c\u030crn_png.png","width":512,"height":512,"caption":"Zavod Bufeto"},"image":{"@id":"\/#\/schema\/logo\/image\/"}}]}},"_links":{"self":[{"href":"https:\/\/zavodbufeto.com\/en\/wp-json\/wp\/v2\/pages\/17062","targetHints":{"allow":["GET"]}}],"collection":[{"href":"https:\/\/zavodbufeto.com\/en\/wp-json\/wp\/v2\/pages"}],"about":[{"href":"https:\/\/zavodbufeto.com\/en\/wp-json\/wp\/v2\/types\/page"}],"author":[{"embeddable":true,"href":"https:\/\/zavodbufeto.com\/en\/wp-json\/wp\/v2\/users\/17"}],"replies":[{"embeddable":true,"href":"https:\/\/zavodbufeto.com\/en\/wp-json\/wp\/v2\/comments?post=17062"}],"version-history":[{"count":7,"href":"https:\/\/zavodbufeto.com\/en\/wp-json\/wp\/v2\/pages\/17062\/revisions"}],"predecessor-version":[{"id":17421,"href":"https:\/\/zavodbufeto.com\/en\/wp-json\/wp\/v2\/pages\/17062\/revisions\/17421"}],"wp:featuredmedia":[{"embeddable":true,"href":"https:\/\/zavodbufeto.com\/en\/wp-json\/wp\/v2\/media\/15357"}],"wp:attachment":[{"href":"https:\/\/zavodbufeto.com\/en\/wp-json\/wp\/v2\/media?parent=17062"}],"curies":[{"name":"wp","href":"https:\/\/api.w.org\/{rel}","templated":true}]}}