{"id":17390,"date":"2026-03-07T10:08:39","date_gmt":"2026-03-07T10:08:39","guid":{"rendered":"https:\/\/zavodbufeto.com\/?page_id=17390"},"modified":"2026-04-13T09:43:56","modified_gmt":"2026-04-13T09:43:56","slug":"sing-casadio-workshop","status":"publish","type":"page","link":"https:\/\/zavodbufeto.com\/en\/sing-casadio-workshop\/","title":{"rendered":"Sing-Casadio-workshop"},"content":{"rendered":"<h2 class=\"wp-block-heading\">ORGANIC JUGGLING MEETS DANCE<\/h2>\n\n\n\n<p>Three days of dance and juggling with <strong>Stefan Sing<\/strong> and <strong>Cristiana Casadio<\/strong><\/p>\n\n\n\n<p>This workshop will explore the intrinsic connection between throwing objects and body movement, combining the Organic Juggling techniques of Stefan Sing with the choreographic and rhythmic qualities of contemporary dance, taught by Cristiana Casadio.<\/p>\n\n\n\n<p>Starting the day with training sections in contemporary dance and juggling technique, students will develop a movement repertoire both with and without objects. Later in the day these practices will come together into solo and partnering work focused on developing each student\u2019s natural expressive understanding and how this can enhance the presence of others on stage. There is a possibility of a short public presentation at the end of the workshop.<\/p>\n\n\n\n<p><strong>This workshop explores the intersection of contemporary dance and circus as part of <em>the Laboratory\u2013Intersections (Laboratorij\u2013Sti\u010di\u0161\u010da) program,<\/em> organized by Bufeto Institute and Dance Theatre Ljubljana.<\/strong> It is designed for dancers seeking to enrich their movement vocabulary with object manipulation and circus practices &amp; jugglers looking to expand their physical expression. We also offer opportunities for further collaboration, including training, support for developing original productions, and the chance to present at Klovnbuf 2027 and UKREP 2027.<\/p>\n\n\n\n<div class=\"wp-block-columns is-layout-flex wp-container-core-columns-is-layout-28f84493 wp-block-columns-is-layout-flex\">\n<div class=\"wp-block-column is-layout-flow wp-block-column-is-layout-flow\">\n<div class=\"wp-block-columns is-layout-flex wp-container-core-columns-is-layout-28f84493 wp-block-columns-is-layout-flex\">\n<div class=\"wp-block-column is-layout-flow wp-block-column-is-layout-flow\" style=\"flex-basis:100%\">\n<figure class=\"wp-block-image size-large\"><img loading=\"lazy\" decoding=\"async\" width=\"1024\" height=\"682\" src=\"https:\/\/zavodbufeto.com\/wp-content\/uploads\/2026\/03\/Stefan-Sing-Tangram-web@Erich-Malter-1-1024x682.jpg\" alt=\"\" class=\"wp-image-17395\" srcset=\"https:\/\/zavodbufeto.com\/wp-content\/uploads\/2026\/03\/Stefan-Sing-Tangram-web@Erich-Malter-1-1024x682.jpg 1024w, https:\/\/zavodbufeto.com\/wp-content\/uploads\/2026\/03\/Stefan-Sing-Tangram-web@Erich-Malter-1-300x200.jpg 300w, https:\/\/zavodbufeto.com\/wp-content\/uploads\/2026\/03\/Stefan-Sing-Tangram-web@Erich-Malter-1-768x512.jpg 768w, https:\/\/zavodbufeto.com\/wp-content\/uploads\/2026\/03\/Stefan-Sing-Tangram-web@Erich-Malter-1-18x12.jpg 18w, https:\/\/zavodbufeto.com\/wp-content\/uploads\/2026\/03\/Stefan-Sing-Tangram-web@Erich-Malter-1-320x213.jpg 320w, https:\/\/zavodbufeto.com\/wp-content\/uploads\/2026\/03\/Stefan-Sing-Tangram-web@Erich-Malter-1-480x320.jpg 480w, https:\/\/zavodbufeto.com\/wp-content\/uploads\/2026\/03\/Stefan-Sing-Tangram-web@Erich-Malter-1-800x533.jpg 800w, https:\/\/zavodbufeto.com\/wp-content\/uploads\/2026\/03\/Stefan-Sing-Tangram-web@Erich-Malter-1.jpg 1400w\" sizes=\"auto, (max-width: 1024px) 100vw, 1024px\" \/><\/figure>\n<\/div>\n<\/div>\n\n\n\n<p>Foto: Erich Malter<\/p>\n<\/div>\n\n\n\n<div class=\"wp-block-column is-layout-flow wp-block-column-is-layout-flow\">\n<p><strong>DATE <\/strong><\/p>\n\n\n\n<p>June 10\u201312, 2026, daily from 10:00 AM to 5:00 PM (including a longer lunch break).<br><\/p>\n\n\n\n<p><strong>LOCATION<\/strong><\/p>\n\n\n\n<p>Faculty of Education, Ljubljana <\/p>\n\n\n\n<p><strong>APPLICATIONS AND INFORMATION<\/strong><\/p>\n\n\n\n<p>Applications are accepted until <strong>all spots are filled or until May 20, 2026, at bufeto.info@gmail.com.<\/strong>.<br>Your application should include a brief motivational letter and a short CV highlighting your experience in circus and\/or dance.<br>Maximum number of participants: 16. <br>In the event of a high number of applications, we reserve the right to select participants.<\/p>\n<\/div>\n<\/div>\n\n\n\n<p><strong>FEE<\/strong><\/p>\n\n\n\n<p>To ensure accessibility, participation is free of charge. However, a voluntary contribution of 50\u2013150 \u20ac is welcome.<br>The amount of the contribution does not affect selection.<br>Payment can be made in cash or transferred to Zavod Bufeto\u2019s account after your application is confirmed.<\/p>\n\n\n\n<p><strong>ABOUT THE MENTORS<\/strong><\/p>\n\n\n\n<p>STEFAN SING is a master of contemporary juggling, who has been developing his unique\nstyle since 1985. Exploring the boundaries, Stefan is on the edge between\njuggling, dance and theatre - always searching for the wordless language inherent\nin juggling.<\/p>\n\n\n\n<p>After completing his studies in Philosophy and German Literature,\nStefan studied Performance and Dance at ICAT Berlin and from 2009-2017\ndirected the Katakomben, Center for Performing Arts - a training and performance\nspace in the heart of Berlin<\/p>\n\n\n\n<p>Beside his artistic work - <em>Tangram (2011), <\/em>(2011), <em>Entrop\u00eda,<\/em> (2017), <em>DODAI, <\/em>(2020), <em>An alphabet,<\/em> (2021), <em>Why not maybe perhaps (<\/em>2022),<em>Superorganism<\/em> (2023) and <em>Cosmo-Cosmetics<\/em>Stefan gives workshops at circus-\nuniversities internationally.<\/p>\n\n\n\n<p>CRISTIANA CASADIO, after a professional rhythmic gymnastics career, Cristiana continued the study of\nballet and contemporary dance. She was selected to join as a trainee the\nAterballetto Company, directed by Mauro Bigonzetti and received several\nscholarships (eg. at \u201cMerce Cunninghum Studio\u201d ,\u201dPeridance Center\u201d, in New\nYork,..).<\/p>\n\n\n\n<p>She joined Botega Dance Company (IT), J.K.Tyl Theater Pilsen (CZ) and , for\nnine years, Balletto dell\u2019Esperia (Turin,IT) dancing principal roles. She danced\npieces by Enzo Celli, Michele Pogliani, Bronislav Rosnos, Alena Peskova, Libor\nVacul\u00eck, Inmacolada Rubio, Herv\u00e8 Costa, Eugenio Scigliano, Laura Corradi, Paolo\nMohovich, among others.<\/p>\n\n\n\n<p>Since 2010 Cristiana has been based in Berlin, taking part in different productions\nand projects, as a dancer and a choreographer - among others, she joined the\nBerliner Ensemble, dancing in the piece \u201cMenschen, Orte und Dinge\u201d-\nand presenting her own works in international theatres and festivals. <em>Menschen, Orte und Dinge<\/em>, ter svoje avtorske projekte predstavlja v mednarodnih gledali\u0161\u010dih in na festivalih.<\/p>\n\n\n\n<p>Her last solo piece \u201cnowhere\u201d, currently touring, has been funded by the\nDachverband Tanz Deutschland and the Senate department for culture. <em>Nowhere<\/em>, ki trenutno gostuje na turneji, je bila podprta s strani Dachverband Tanz Deutschland in Senatskega oddelka za kulturo v Berlinu.<\/p>","protected":false},"excerpt":{"rendered":"<p>ORGANSKO \u017dONGLIRANJE SRE\u010cA PLES Tri dni plesa in \u017eongliranja s Stefanom Singom in Cristiano Casadio Delavnica raziskuje notranjo povezavo med \u017eongliranjem in gibanjem telesa ter zdru\u017euje tehnike organskega \u017eongliranja Stefana [&hellip;]<\/p>\n","protected":false},"author":17,"featured_media":0,"parent":0,"menu_order":0,"comment_status":"closed","ping_status":"closed","template":"","meta":{"_EventAllDay":false,"_EventTimezone":"","_EventStartDate":"","_EventEndDate":"","_EventStartDateUTC":"","_EventEndDateUTC":"","_EventShowMap":false,"_EventShowMapLink":false,"_EventURL":"","_EventCost":"","_EventCostDescription":"","_EventCurrencySymbol":"","_EventCurrencyCode":"","_EventCurrencyPosition":"","_EventDateTimeSeparator":"","_EventTimeRangeSeparator":"","_EventOrganizerID":[],"_EventVenueID":[],"_OrganizerEmail":"","_OrganizerPhone":"","_OrganizerWebsite":"","_VenueAddress":"","_VenueCity":"","_VenueCountry":"","_VenueProvince":"","_VenueState":"","_VenueZip":"","_VenuePhone":"","_VenueURL":"","_VenueStateProvince":"","_VenueLat":"","_VenueLng":"","_VenueShowMap":false,"_VenueShowMapLink":false,"footnotes":""},"class_list":["post-17390","page","type-page","status-publish","hentry"],"yoast_head":"<!-- This site is optimized with the Yoast SEO plugin v26.9 - https:\/\/yoast.com\/product\/yoast-seo-wordpress\/ -->\n<title>Sing-Casadio-workshop - Zavod Bufeto<\/title>\n<meta name=\"robots\" content=\"index, follow, max-snippet:-1, max-image-preview:large, max-video-preview:-1\" \/>\n<link rel=\"canonical\" href=\"https:\/\/zavodbufeto.com\/en\/sing-casadio-workshop\/\" \/>\n<meta property=\"og:locale\" content=\"en_GB\" \/>\n<meta property=\"og:type\" content=\"article\" \/>\n<meta property=\"og:title\" content=\"Sing-Casadio-workshop - Zavod Bufeto\" \/>\n<meta property=\"og:description\" content=\"ORGANSKO \u017dONGLIRANJE SRE\u010cA PLES Tri dni plesa in \u017eongliranja s Stefanom Singom in Cristiano Casadio Delavnica raziskuje notranjo povezavo med \u017eongliranjem in gibanjem telesa ter zdru\u017euje tehnike organskega \u017eongliranja Stefana [&hellip;]\" \/>\n<meta property=\"og:url\" content=\"https:\/\/zavodbufeto.com\/en\/sing-casadio-workshop\/\" \/>\n<meta property=\"og:site_name\" content=\"Zavod Bufeto\" \/>\n<meta property=\"article:modified_time\" content=\"2026-04-13T09:43:56+00:00\" \/>\n<meta property=\"og:image\" content=\"https:\/\/zavodbufeto.com\/wp-content\/uploads\/2026\/03\/Stefan-Sing-Tangram-web@Erich-Malter-1.jpg\" \/>\n\t<meta property=\"og:image:width\" content=\"1400\" \/>\n\t<meta property=\"og:image:height\" content=\"933\" \/>\n\t<meta property=\"og:image:type\" content=\"image\/jpeg\" \/>\n<meta name=\"twitter:card\" content=\"summary_large_image\" \/>\n<meta name=\"twitter:label1\" content=\"Estimated reading time\" \/>\n\t<meta name=\"twitter:data1\" content=\"4 minutes\" \/>\n<script type=\"application\/ld+json\" class=\"yoast-schema-graph\">{\"@context\":\"https:\/\/schema.org\",\"@graph\":[{\"@type\":\"WebPage\",\"@id\":\"https:\/\/zavodbufeto.com\/sing-casadio-workshop\/\",\"url\":\"https:\/\/zavodbufeto.com\/sing-casadio-workshop\/\",\"name\":\"Sing-Casadio-workshop - Zavod Bufeto\",\"isPartOf\":{\"@id\":\"\/#website\"},\"primaryImageOfPage\":{\"@id\":\"https:\/\/zavodbufeto.com\/sing-casadio-workshop\/#primaryimage\"},\"image\":{\"@id\":\"https:\/\/zavodbufeto.com\/sing-casadio-workshop\/#primaryimage\"},\"thumbnailUrl\":\"https:\/\/zavodbufeto.com\/wp-content\/uploads\/2026\/03\/Stefan-Sing-Tangram-web@Erich-Malter-1-1024x682.jpg\",\"datePublished\":\"2026-03-07T10:08:39+00:00\",\"dateModified\":\"2026-04-13T09:43:56+00:00\",\"breadcrumb\":{\"@id\":\"https:\/\/zavodbufeto.com\/sing-casadio-workshop\/#breadcrumb\"},\"inLanguage\":\"en-GB\",\"potentialAction\":[{\"@type\":\"ReadAction\",\"target\":[\"https:\/\/zavodbufeto.com\/sing-casadio-workshop\/\"]}]},{\"@type\":\"ImageObject\",\"inLanguage\":\"en-GB\",\"@id\":\"https:\/\/zavodbufeto.com\/sing-casadio-workshop\/#primaryimage\",\"url\":\"https:\/\/zavodbufeto.com\/wp-content\/uploads\/2026\/03\/Stefan-Sing-Tangram-web@Erich-Malter-1-1024x682.jpg\",\"contentUrl\":\"https:\/\/zavodbufeto.com\/wp-content\/uploads\/2026\/03\/Stefan-Sing-Tangram-web@Erich-Malter-1-1024x682.jpg\"},{\"@type\":\"BreadcrumbList\",\"@id\":\"https:\/\/zavodbufeto.com\/sing-casadio-workshop\/#breadcrumb\",\"itemListElement\":[{\"@type\":\"ListItem\",\"position\":1,\"name\":\"Home\",\"item\":\"https:\/\/zavodbufeto.com\/\"},{\"@type\":\"ListItem\",\"position\":2,\"name\":\"Sing-Casadio-workshop\"}]},{\"@type\":\"WebSite\",\"@id\":\"\/#website\",\"url\":\"\/\",\"name\":\"Zavod Bufeto\",\"description\":\"Zavod Bufeto\",\"publisher\":{\"@id\":\"\/#organization\"},\"potentialAction\":[{\"@type\":\"SearchAction\",\"target\":{\"@type\":\"EntryPoint\",\"urlTemplate\":\"\/?s={search_term_string}\"},\"query-input\":{\"@type\":\"PropertyValueSpecification\",\"valueRequired\":true,\"valueName\":\"search_term_string\"}}],\"inLanguage\":\"en-GB\"},{\"@type\":\"Organization\",\"@id\":\"\/#organization\",\"name\":\"Zavod Bufeto\",\"url\":\"\/\",\"logo\":{\"@type\":\"ImageObject\",\"inLanguage\":\"en-GB\",\"@id\":\"\/#\/schema\/logo\/image\/\",\"url\":\"https:\/\/zavodbufeto.com\/wp-content\/uploads\/2021\/02\/cropped-zavod_bufeto_-_logo_c\u030crn_png.png\",\"contentUrl\":\"https:\/\/zavodbufeto.com\/wp-content\/uploads\/2021\/02\/cropped-zavod_bufeto_-_logo_c\u030crn_png.png\",\"width\":512,\"height\":512,\"caption\":\"Zavod Bufeto\"},\"image\":{\"@id\":\"\/#\/schema\/logo\/image\/\"}}]}<\/script>\n<!-- \/ Yoast SEO plugin. -->","yoast_head_json":{"title":"Sing-Casadio-workshop - Zavod Bufeto","robots":{"index":"index","follow":"follow","max-snippet":"max-snippet:-1","max-image-preview":"max-image-preview:large","max-video-preview":"max-video-preview:-1"},"canonical":"https:\/\/zavodbufeto.com\/en\/sing-casadio-workshop\/","og_locale":"en_GB","og_type":"article","og_title":"Sing-Casadio-workshop - Zavod Bufeto","og_description":"ORGANSKO \u017dONGLIRANJE SRE\u010cA PLES Tri dni plesa in \u017eongliranja s Stefanom Singom in Cristiano Casadio Delavnica raziskuje notranjo povezavo med \u017eongliranjem in gibanjem telesa ter zdru\u017euje tehnike organskega \u017eongliranja Stefana [&hellip;]","og_url":"https:\/\/zavodbufeto.com\/en\/sing-casadio-workshop\/","og_site_name":"Zavod Bufeto","article_modified_time":"2026-04-13T09:43:56+00:00","og_image":[{"width":1400,"height":933,"url":"https:\/\/zavodbufeto.com\/wp-content\/uploads\/2026\/03\/Stefan-Sing-Tangram-web@Erich-Malter-1.jpg","type":"image\/jpeg"}],"twitter_card":"summary_large_image","twitter_misc":{"Estimated reading time":"4 minutes"},"schema":{"@context":"https:\/\/schema.org","@graph":[{"@type":"WebPage","@id":"https:\/\/zavodbufeto.com\/sing-casadio-workshop\/","url":"https:\/\/zavodbufeto.com\/sing-casadio-workshop\/","name":"Sing-Casadio-workshop - Zavod Bufeto","isPartOf":{"@id":"\/#website"},"primaryImageOfPage":{"@id":"https:\/\/zavodbufeto.com\/sing-casadio-workshop\/#primaryimage"},"image":{"@id":"https:\/\/zavodbufeto.com\/sing-casadio-workshop\/#primaryimage"},"thumbnailUrl":"https:\/\/zavodbufeto.com\/wp-content\/uploads\/2026\/03\/Stefan-Sing-Tangram-web@Erich-Malter-1-1024x682.jpg","datePublished":"2026-03-07T10:08:39+00:00","dateModified":"2026-04-13T09:43:56+00:00","breadcrumb":{"@id":"https:\/\/zavodbufeto.com\/sing-casadio-workshop\/#breadcrumb"},"inLanguage":"en-GB","potentialAction":[{"@type":"ReadAction","target":["https:\/\/zavodbufeto.com\/sing-casadio-workshop\/"]}]},{"@type":"ImageObject","inLanguage":"en-GB","@id":"https:\/\/zavodbufeto.com\/sing-casadio-workshop\/#primaryimage","url":"https:\/\/zavodbufeto.com\/wp-content\/uploads\/2026\/03\/Stefan-Sing-Tangram-web@Erich-Malter-1-1024x682.jpg","contentUrl":"https:\/\/zavodbufeto.com\/wp-content\/uploads\/2026\/03\/Stefan-Sing-Tangram-web@Erich-Malter-1-1024x682.jpg"},{"@type":"BreadcrumbList","@id":"https:\/\/zavodbufeto.com\/sing-casadio-workshop\/#breadcrumb","itemListElement":[{"@type":"ListItem","position":1,"name":"Home","item":"https:\/\/zavodbufeto.com\/"},{"@type":"ListItem","position":2,"name":"Sing-Casadio-workshop"}]},{"@type":"WebSite","@id":"\/#website","url":"\/","name":"Zavod Bufeto","description":"Zavod Bufeto","publisher":{"@id":"\/#organization"},"potentialAction":[{"@type":"SearchAction","target":{"@type":"EntryPoint","urlTemplate":"\/?s={search_term_string}"},"query-input":{"@type":"PropertyValueSpecification","valueRequired":true,"valueName":"search_term_string"}}],"inLanguage":"en-GB"},{"@type":"Organization","@id":"\/#organization","name":"Zavod Bufeto","url":"\/","logo":{"@type":"ImageObject","inLanguage":"en-GB","@id":"\/#\/schema\/logo\/image\/","url":"https:\/\/zavodbufeto.com\/wp-content\/uploads\/2021\/02\/cropped-zavod_bufeto_-_logo_c\u030crn_png.png","contentUrl":"https:\/\/zavodbufeto.com\/wp-content\/uploads\/2021\/02\/cropped-zavod_bufeto_-_logo_c\u030crn_png.png","width":512,"height":512,"caption":"Zavod Bufeto"},"image":{"@id":"\/#\/schema\/logo\/image\/"}}]}},"_links":{"self":[{"href":"https:\/\/zavodbufeto.com\/en\/wp-json\/wp\/v2\/pages\/17390","targetHints":{"allow":["GET"]}}],"collection":[{"href":"https:\/\/zavodbufeto.com\/en\/wp-json\/wp\/v2\/pages"}],"about":[{"href":"https:\/\/zavodbufeto.com\/en\/wp-json\/wp\/v2\/types\/page"}],"author":[{"embeddable":true,"href":"https:\/\/zavodbufeto.com\/en\/wp-json\/wp\/v2\/users\/17"}],"replies":[{"embeddable":true,"href":"https:\/\/zavodbufeto.com\/en\/wp-json\/wp\/v2\/comments?post=17390"}],"version-history":[{"count":12,"href":"https:\/\/zavodbufeto.com\/en\/wp-json\/wp\/v2\/pages\/17390\/revisions"}],"predecessor-version":[{"id":17497,"href":"https:\/\/zavodbufeto.com\/en\/wp-json\/wp\/v2\/pages\/17390\/revisions\/17497"}],"wp:attachment":[{"href":"https:\/\/zavodbufeto.com\/en\/wp-json\/wp\/v2\/media?parent=17390"}],"curies":[{"name":"wp","href":"https:\/\/api.w.org\/{rel}","templated":true}]}}