{"id":17404,"date":"2026-03-08T10:00:21","date_gmt":"2026-03-08T10:00:21","guid":{"rendered":"https:\/\/zavodbufeto.com\/?page_id=17404"},"modified":"2026-03-08T10:13:35","modified_gmt":"2026-03-08T10:13:35","slug":"o-vrabcku-miski-in-palacinki","status":"publish","type":"page","link":"https:\/\/zavodbufeto.com\/en\/o-vrabcku-miski-in-palacinki\/","title":{"rendered":"O vrab\u010dku, mi\u0161ki in pala\u010dinki"},"content":{"rendered":"<h1 class=\"wp-block-heading\">O vrab\u010dku, mi\u0161ku in pala\u010dinki<\/h1>\n\n\n\n<p>V skupnem domu se zbere nevsakdanja dru\u0161\u010dina \u2013 Mi\u0161ek Kosmati, Vrab\u010dek Krilati in Pala\u010dinka Maslena. Sprva slo\u017eno \u017eivijo, saj vsak opravlja tisto delu, ki mu gre najbolje od ta\u010dk in peruti. Vrab\u010dek leta po gozdu in nabira hrano, Mi\u0161ek s svojimi zobmi seka drva in kuri v pe\u010di, Pala\u010dinka pa kuha najbolj slastno in mastno juho. A ko zamenjajo vsakdanje naloge, pride do nesporazumov in te\u017eav\u2026 Bo njihovo prijateljstvo vzdr\u017ealo?<\/p>\n\n\n\n<p>Predstava zdru\u017euje klasi\u010dno naracijo ljudske pravljice in tradicionalno ro\u010dno lutkovno igro. Z igrivostjo in humorjem spregovori o sodelovanju, delu in pomembnosti vsakega \u010dlana skupnosti. Namenjena je otrokom in dru\u017einam, ki bodo ob njej hkrati u\u017eivali, se nasmejali \u2013 in si mogo\u010de \u0161e sami za\u017eeleli pala\u010dink.<\/p>\n\n\n\n<p>Premiera: 24. 10. 2025<\/p>\n\n\n\n<div class=\"wp-block-columns is-layout-flex wp-container-core-columns-is-layout-28f84493 wp-block-columns-is-layout-flex\">\n<div class=\"wp-block-column is-layout-flow wp-block-column-is-layout-flow\">\n<div class=\"alignnormal\"><div id=\"metaslider-id-17177\" style=\"width: 100%;\" class=\"ml-slider-3-105-0 metaslider metaslider-flex metaslider-17177 ml-slider has-dots-nav ms-theme-default-base\" role=\"region\" aria-label=\"O vrab\u010dku\" data-height=\"300\" data-width=\"700\">\n    <div id=\"metaslider_container_17177\">\n        <div id=\"metaslider_17177\">\n            <ul aria-live='off' class='slides'>\n                <li style=\"display: block; width: 100%;\" class=\"slide-17411 ms-image\" aria-roledescription=\"slide\" data-date=\"2026-03-08 10:11:28\" data-filename=\"Hisa_otrok_in_umetnosti_O_vrabcku_misku_in_palacinki_Lo_res_005-scaled-700x300.jpg\" data-slide-type=\"image\"><img loading=\"lazy\" decoding=\"async\" src=\"https:\/\/zavodbufeto.com\/wp-content\/uploads\/2026\/03\/Hisa_otrok_in_umetnosti_O_vrabcku_misku_in_palacinki_Lo_res_005-scaled-700x300.jpg\" height=\"300\" width=\"700\" alt=\"\" class=\"slider-17177 slide-17411 msDefaultImage\" title=\"Foto: Matej Pov\u0161e\" \/><\/li>\n                <li style=\"display: none; width: 100%;\" class=\"slide-17412 ms-image\" aria-roledescription=\"slide\" data-date=\"2026-03-08 10:11:40\" data-filename=\"Hisa_otrok_in_umetnosti_O_vrabcku_misku_in_palacinki_Lo_res_044-scaled-700x300.jpg\" data-slide-type=\"image\"><img loading=\"lazy\" decoding=\"async\" src=\"https:\/\/zavodbufeto.com\/wp-content\/uploads\/2026\/03\/Hisa_otrok_in_umetnosti_O_vrabcku_misku_in_palacinki_Lo_res_044-scaled-700x300.jpg\" height=\"300\" width=\"700\" alt=\"\" class=\"slider-17177 slide-17412 msDefaultImage\" title=\"Foto: Matej Pov\u0161e\" \/><\/li>\n                <li style=\"display: none; width: 100%;\" class=\"slide-17414 ms-image\" aria-roledescription=\"slide\" data-date=\"2026-03-08 10:11:48\" data-filename=\"Hisa_otrok_in_umetnosti_O_vrabcku_misku_in_palacinki_Lo_res_007-scaled-700x300.jpg\" data-slide-type=\"image\"><img loading=\"lazy\" decoding=\"async\" src=\"https:\/\/zavodbufeto.com\/wp-content\/uploads\/2026\/03\/Hisa_otrok_in_umetnosti_O_vrabcku_misku_in_palacinki_Lo_res_007-scaled-700x300.jpg\" height=\"300\" width=\"700\" alt=\"\" class=\"slider-17177 slide-17414 msDefaultImage\" title=\"Foto: Matej Pov\u0161e\" \/><\/li>\n            <\/ul>\n        <\/div>\n        \n    <\/div>\n<\/div><\/div>\n<\/div>\n\n\n\n<div class=\"wp-block-column is-layout-flow wp-block-column-is-layout-flow\">\n<p><strong>Re\u017eija:<\/strong>&nbsp;Katja Pov\u0161e<\/p>\n\n\n\n<p><strong>Dramatizacija in dramaturgija:<\/strong>&nbsp;An\u017ee Virant <\/p>\n\n\n\n<p><strong>Likovna podoba lutk<\/strong>: Adriano Jane\u017ei\u010d<\/p>\n\n\n\n<p><strong>Glasba:<\/strong>&nbsp;Samo Vovk<\/p>\n\n\n\n<p><strong>Scenografija in kostumografija:&nbsp;<\/strong>Iztok Hrga<\/p>\n\n\n\n<p><strong>Izdelava lutk in scenskih elementov:<\/strong>&nbsp;\u017diga Lebar, Iztok Hrga<\/p>\n\n\n\n<p><strong>Izdelava scene:<\/strong>&nbsp;Marjan Kunaver in Uro\u0161 Mehle s.p.<\/p>\n\n\n\n<p><strong>Svetovanje za odrski gib:&nbsp;<\/strong>Natalia Sultanova in Ravil Sultanov<\/p>\n\n\n\n<p><strong>Pomo\u010d pri izdelavi scenografije:<\/strong>&nbsp;Alevtina Ainutdinova<\/p>\n\n\n\n<p><strong>Igrata:<\/strong>&nbsp;Vanja Iva Kreti\u010d, Mariia Filimonenko<\/p>\n\n\n\n<p><strong>Production<\/strong>&nbsp;Hi\u0161a otrok in umetnosti in Zavod Bufeto<\/p>\n\n\n\n<p><\/p>\n\n\n\n<p><strong>Trajanje: <\/strong>35 minut<\/p>\n\n\n\n<p><strong>Priporo\u010dena starost:<\/strong> 3+<\/p>\n\n\n\n<p><strong>Foto:<\/strong> Matej Pov\u0161e<\/p>\n<\/div>\n<\/div>","protected":false},"excerpt":{"rendered":"<p>O vrab\u010dku, mi\u0161ku in pala\u010dinki V skupnem domu se zbere nevsakdanja dru\u0161\u010dina \u2013 Mi\u0161ek Kosmati, Vrab\u010dek Krilati in Pala\u010dinka Maslena. Sprva slo\u017eno \u017eivijo, saj vsak opravlja tisto delu, ki mu [&hellip;]<\/p>\n","protected":false},"author":17,"featured_media":0,"parent":0,"menu_order":0,"comment_status":"closed","ping_status":"closed","template":"","meta":{"_EventAllDay":false,"_EventTimezone":"","_EventStartDate":"","_EventEndDate":"","_EventStartDateUTC":"","_EventEndDateUTC":"","_EventShowMap":false,"_EventShowMapLink":false,"_EventURL":"","_EventCost":"","_EventCostDescription":"","_EventCurrencySymbol":"","_EventCurrencyCode":"","_EventCurrencyPosition":"","_EventDateTimeSeparator":"","_EventTimeRangeSeparator":"","_EventOrganizerID":[],"_EventVenueID":[],"_OrganizerEmail":"","_OrganizerPhone":"","_OrganizerWebsite":"","_VenueAddress":"","_VenueCity":"","_VenueCountry":"","_VenueProvince":"","_VenueState":"","_VenueZip":"","_VenuePhone":"","_VenueURL":"","_VenueStateProvince":"","_VenueLat":"","_VenueLng":"","_VenueShowMap":false,"_VenueShowMapLink":false,"footnotes":""},"class_list":["post-17404","page","type-page","status-publish","hentry"],"yoast_head":"<!-- This site is optimized with the Yoast SEO plugin v26.9 - https:\/\/yoast.com\/product\/yoast-seo-wordpress\/ -->\n<title>O vrab\u010dku, mi\u0161ki in pala\u010dinki - Zavod Bufeto<\/title>\n<meta name=\"robots\" content=\"index, follow, max-snippet:-1, max-image-preview:large, max-video-preview:-1\" \/>\n<link rel=\"canonical\" href=\"https:\/\/zavodbufeto.com\/en\/o-vrabcku-miski-in-palacinki\/\" \/>\n<meta property=\"og:locale\" content=\"en_GB\" \/>\n<meta property=\"og:type\" content=\"article\" \/>\n<meta property=\"og:title\" content=\"O vrab\u010dku, mi\u0161ki in pala\u010dinki - Zavod Bufeto\" \/>\n<meta property=\"og:description\" content=\"O vrab\u010dku, mi\u0161ku in pala\u010dinki V skupnem domu se zbere nevsakdanja dru\u0161\u010dina \u2013 Mi\u0161ek Kosmati, Vrab\u010dek Krilati in Pala\u010dinka Maslena. Sprva slo\u017eno \u017eivijo, saj vsak opravlja tisto delu, ki mu [&hellip;]\" \/>\n<meta property=\"og:url\" content=\"https:\/\/zavodbufeto.com\/en\/o-vrabcku-miski-in-palacinki\/\" \/>\n<meta property=\"og:site_name\" content=\"Zavod Bufeto\" \/>\n<meta property=\"article:modified_time\" content=\"2026-03-08T10:13:35+00:00\" \/>\n<meta name=\"twitter:card\" content=\"summary_large_image\" \/>\n<meta name=\"twitter:label1\" content=\"Estimated reading time\" \/>\n\t<meta name=\"twitter:data1\" content=\"2 minutes\" \/>\n<script type=\"application\/ld+json\" class=\"yoast-schema-graph\">{\"@context\":\"https:\/\/schema.org\",\"@graph\":[{\"@type\":\"WebPage\",\"@id\":\"https:\/\/zavodbufeto.com\/o-vrabcku-miski-in-palacinki\/\",\"url\":\"https:\/\/zavodbufeto.com\/o-vrabcku-miski-in-palacinki\/\",\"name\":\"O vrab\u010dku, mi\u0161ki in pala\u010dinki - Zavod Bufeto\",\"isPartOf\":{\"@id\":\"\/#website\"},\"datePublished\":\"2026-03-08T10:00:21+00:00\",\"dateModified\":\"2026-03-08T10:13:35+00:00\",\"breadcrumb\":{\"@id\":\"https:\/\/zavodbufeto.com\/o-vrabcku-miski-in-palacinki\/#breadcrumb\"},\"inLanguage\":\"en-GB\",\"potentialAction\":[{\"@type\":\"ReadAction\",\"target\":[\"https:\/\/zavodbufeto.com\/o-vrabcku-miski-in-palacinki\/\"]}]},{\"@type\":\"BreadcrumbList\",\"@id\":\"https:\/\/zavodbufeto.com\/o-vrabcku-miski-in-palacinki\/#breadcrumb\",\"itemListElement\":[{\"@type\":\"ListItem\",\"position\":1,\"name\":\"Home\",\"item\":\"https:\/\/zavodbufeto.com\/\"},{\"@type\":\"ListItem\",\"position\":2,\"name\":\"O vrab\u010dku, mi\u0161ki in pala\u010dinki\"}]},{\"@type\":\"WebSite\",\"@id\":\"\/#website\",\"url\":\"\/\",\"name\":\"Zavod Bufeto\",\"description\":\"Zavod Bufeto\",\"publisher\":{\"@id\":\"\/#organization\"},\"potentialAction\":[{\"@type\":\"SearchAction\",\"target\":{\"@type\":\"EntryPoint\",\"urlTemplate\":\"\/?s={search_term_string}\"},\"query-input\":{\"@type\":\"PropertyValueSpecification\",\"valueRequired\":true,\"valueName\":\"search_term_string\"}}],\"inLanguage\":\"en-GB\"},{\"@type\":\"Organization\",\"@id\":\"\/#organization\",\"name\":\"Zavod Bufeto\",\"url\":\"\/\",\"logo\":{\"@type\":\"ImageObject\",\"inLanguage\":\"en-GB\",\"@id\":\"\/#\/schema\/logo\/image\/\",\"url\":\"https:\/\/zavodbufeto.com\/wp-content\/uploads\/2021\/02\/cropped-zavod_bufeto_-_logo_c\u030crn_png.png\",\"contentUrl\":\"https:\/\/zavodbufeto.com\/wp-content\/uploads\/2021\/02\/cropped-zavod_bufeto_-_logo_c\u030crn_png.png\",\"width\":512,\"height\":512,\"caption\":\"Zavod Bufeto\"},\"image\":{\"@id\":\"\/#\/schema\/logo\/image\/\"}}]}<\/script>\n<!-- \/ Yoast SEO plugin. -->","yoast_head_json":{"title":"O vrab\u010dku, mi\u0161ki in pala\u010dinki - Zavod Bufeto","robots":{"index":"index","follow":"follow","max-snippet":"max-snippet:-1","max-image-preview":"max-image-preview:large","max-video-preview":"max-video-preview:-1"},"canonical":"https:\/\/zavodbufeto.com\/en\/o-vrabcku-miski-in-palacinki\/","og_locale":"en_GB","og_type":"article","og_title":"O vrab\u010dku, mi\u0161ki in pala\u010dinki - Zavod Bufeto","og_description":"O vrab\u010dku, mi\u0161ku in pala\u010dinki V skupnem domu se zbere nevsakdanja dru\u0161\u010dina \u2013 Mi\u0161ek Kosmati, Vrab\u010dek Krilati in Pala\u010dinka Maslena. Sprva slo\u017eno \u017eivijo, saj vsak opravlja tisto delu, ki mu [&hellip;]","og_url":"https:\/\/zavodbufeto.com\/en\/o-vrabcku-miski-in-palacinki\/","og_site_name":"Zavod Bufeto","article_modified_time":"2026-03-08T10:13:35+00:00","twitter_card":"summary_large_image","twitter_misc":{"Estimated reading time":"2 minutes"},"schema":{"@context":"https:\/\/schema.org","@graph":[{"@type":"WebPage","@id":"https:\/\/zavodbufeto.com\/o-vrabcku-miski-in-palacinki\/","url":"https:\/\/zavodbufeto.com\/o-vrabcku-miski-in-palacinki\/","name":"O vrab\u010dku, mi\u0161ki in pala\u010dinki - Zavod Bufeto","isPartOf":{"@id":"\/#website"},"datePublished":"2026-03-08T10:00:21+00:00","dateModified":"2026-03-08T10:13:35+00:00","breadcrumb":{"@id":"https:\/\/zavodbufeto.com\/o-vrabcku-miski-in-palacinki\/#breadcrumb"},"inLanguage":"en-GB","potentialAction":[{"@type":"ReadAction","target":["https:\/\/zavodbufeto.com\/o-vrabcku-miski-in-palacinki\/"]}]},{"@type":"BreadcrumbList","@id":"https:\/\/zavodbufeto.com\/o-vrabcku-miski-in-palacinki\/#breadcrumb","itemListElement":[{"@type":"ListItem","position":1,"name":"Home","item":"https:\/\/zavodbufeto.com\/"},{"@type":"ListItem","position":2,"name":"O vrab\u010dku, mi\u0161ki in pala\u010dinki"}]},{"@type":"WebSite","@id":"\/#website","url":"\/","name":"Zavod Bufeto","description":"Zavod Bufeto","publisher":{"@id":"\/#organization"},"potentialAction":[{"@type":"SearchAction","target":{"@type":"EntryPoint","urlTemplate":"\/?s={search_term_string}"},"query-input":{"@type":"PropertyValueSpecification","valueRequired":true,"valueName":"search_term_string"}}],"inLanguage":"en-GB"},{"@type":"Organization","@id":"\/#organization","name":"Zavod Bufeto","url":"\/","logo":{"@type":"ImageObject","inLanguage":"en-GB","@id":"\/#\/schema\/logo\/image\/","url":"https:\/\/zavodbufeto.com\/wp-content\/uploads\/2021\/02\/cropped-zavod_bufeto_-_logo_c\u030crn_png.png","contentUrl":"https:\/\/zavodbufeto.com\/wp-content\/uploads\/2021\/02\/cropped-zavod_bufeto_-_logo_c\u030crn_png.png","width":512,"height":512,"caption":"Zavod Bufeto"},"image":{"@id":"\/#\/schema\/logo\/image\/"}}]}},"_links":{"self":[{"href":"https:\/\/zavodbufeto.com\/en\/wp-json\/wp\/v2\/pages\/17404","targetHints":{"allow":["GET"]}}],"collection":[{"href":"https:\/\/zavodbufeto.com\/en\/wp-json\/wp\/v2\/pages"}],"about":[{"href":"https:\/\/zavodbufeto.com\/en\/wp-json\/wp\/v2\/types\/page"}],"author":[{"embeddable":true,"href":"https:\/\/zavodbufeto.com\/en\/wp-json\/wp\/v2\/users\/17"}],"replies":[{"embeddable":true,"href":"https:\/\/zavodbufeto.com\/en\/wp-json\/wp\/v2\/comments?post=17404"}],"version-history":[{"count":3,"href":"https:\/\/zavodbufeto.com\/en\/wp-json\/wp\/v2\/pages\/17404\/revisions"}],"predecessor-version":[{"id":17415,"href":"https:\/\/zavodbufeto.com\/en\/wp-json\/wp\/v2\/pages\/17404\/revisions\/17415"}],"wp:attachment":[{"href":"https:\/\/zavodbufeto.com\/en\/wp-json\/wp\/v2\/media?parent=17404"}],"curies":[{"name":"wp","href":"https:\/\/api.w.org\/{rel}","templated":true}]}}